{"id":9,"date":"2014-06-30T09:11:04","date_gmt":"2014-06-30T07:11:04","guid":{"rendered":"http:\/\/localhost\/krokus\/?page_id=9"},"modified":"2024-01-18T17:31:52","modified_gmt":"2024-01-18T16:31:52","slug":"kontakt","status":"publish","type":"page","link":"http:\/\/krokusczluchow.pl\/?page_id=9","title":{"rendered":"Kontakt"},"content":{"rendered":"\n<h2 class=\"wp-block-heading\"><strong>Stowarzyszenie<\/strong> <strong>Klub Abstynenta &#8222;KROKUS &#8222;<\/strong> \u00a0\u00a0\u00a0\u00a0\u00a0\u00a0\u00a0\u00a0\u00a0\u00a0\u00a0\u00a0\u00a0\u00a0\u00a0\u00a0\u00a0\u00a0\u00a0\u00a0\u00a0\u00a0\u00a0\u00a0\u00a0\u00a0<\/h2>\n\n\n\n<p class=\"has-medium-font-size\">ul. Szkolna 1A\u00a0\u00a0\u00a0\u00a0\u00a0\u00a0\u00a0\u00a0\u00a0\u00a0\u00a0\u00a0\u00a0\u00a0\u00a0\u00a0\u00a0\u00a0\u00a0\u00a0\u00a0\u00a0\u00a0\u00a0\u00a0\u00a0\u00a0\u00a0\u00a0\u00a0\u00a0\u00a0\u00a0\u00a0<\/p>\n\n\n\n<p class=\"has-medium-font-size\">77-300 Cz\u0142uch\u00f3w&nbsp;<\/p>\n\n\n\n<p class=\"has-medium-font-size\">e-mail: krokus.czluchow@wp.pl<\/p>\n\n\n\n<p class=\"has-medium-font-size\">&#8211; Prezes Katarzyna   888 344 722<\/p>\n\n\n\n<p class=\"has-medium-font-size\">&#8211; Skarbnik Danuta\u00a0 512 346 311<\/p>\n\n\n\n<p class=\"has-medium-font-size\">Konto: BS Cz\u0142uch\u00f3w 45 9326 0006 0001 9507 2000 0010<\/p>\n\n\n\n<p class=\"has-medium-font-size\">godziny otwarcia Klubu:  od godz. 16,30 do godz. 19,30<\/p>\n\n\n\n<p class=\"has-medium-font-size\">\u015aroda wg potrzeb &#8211; rozmowy motywacyjne, czwartek, pi\u0105tek, sobota.<\/p>\n\n\n\n<p class=\"has-medium-font-size\">Miting Grupy AA &#8222;Stadion&#8221; w pi\u0105tki od godz. 18,00 do godz. 19,30.<\/p>\n\n\n\n<p class=\"has-medium-font-size\">&nbsp;Mapa dojazdu:<\/p>\n\n\n\n<p><iframe loading=\"lazy\" style=\"border: 1px solid #cacaca;\" src=\"https:\/\/www.google.com\/maps\/embed?pb=!1m18!1m12!1m3!1d590.9188533929886!2d17.3606235!3d53.670586899999876!2m3!1f0!2f0!3f0!3m2!1i1024!2i768!4f13.1!3m3!1m2!1s0x470237138256b4f3%3A0x9210520c39a9ef4!2sSzkolna!5e0!3m2!1spl!2spl!4v1404240441240\" width=\"670\" height=\"450\" frameborder=\"0\"><\/iframe><\/p>\n","protected":false},"excerpt":{"rendered":"<p>Stowarzyszenie Klub Abstynenta &#8222;KROKUS &#8222; \u00a0\u00a0\u00a0\u00a0\u00a0\u00a0\u00a0\u00a0\u00a0\u00a0\u00a0\u00a0\u00a0\u00a0\u00a0\u00a0\u00a0\u00a0\u00a0\u00a0\u00a0\u00a0\u00a0\u00a0\u00a0\u00a0 ul. Szkolna 1A\u00a0\u00a0\u00a0\u00a0\u00a0\u00a0\u00a0\u00a0\u00a0\u00a0\u00a0\u00a0\u00a0\u00a0\u00a0\u00a0\u00a0\u00a0\u00a0\u00a0\u00a0\u00a0\u00a0\u00a0\u00a0\u00a0\u00a0\u00a0\u00a0\u00a0\u00a0\u00a0\u00a0\u00a0 77-300 Cz\u0142uch\u00f3w&nbsp; e-mail: krokus.czluchow@wp.pl &#8211; Prezes Katarzyna 888 344 722 &#8211; Skarbnik Danuta\u00a0 512 346 311 Konto: BS Cz\u0142uch\u00f3w 45 9326 0006 0001 9507 2000 0010 godziny otwarcia Klubu: od godz. 16,30 do godz. 19,30 \u015aroda wg potrzeb &#8211; rozmowy motywacyjne, czwartek, pi\u0105tek, sobota. Miting Grupy [&hellip;]<\/p>\n","protected":false},"author":1,"featured_media":0,"parent":0,"menu_order":0,"comment_status":"open","ping_status":"open","template":"","meta":{"ngg_post_thumbnail":0},"_links":{"self":[{"href":"http:\/\/krokusczluchow.pl\/index.php?rest_route=\/wp\/v2\/pages\/9"}],"collection":[{"href":"http:\/\/krokusczluchow.pl\/index.php?rest_route=\/wp\/v2\/pages"}],"about":[{"href":"http:\/\/krokusczluchow.pl\/index.php?rest_route=\/wp\/v2\/types\/page"}],"author":[{"embeddable":true,"href":"http:\/\/krokusczluchow.pl\/index.php?rest_route=\/wp\/v2\/users\/1"}],"replies":[{"embeddable":true,"href":"http:\/\/krokusczluchow.pl\/index.php?rest_route=%2Fwp%2Fv2%2Fcomments&post=9"}],"version-history":[{"count":19,"href":"http:\/\/krokusczluchow.pl\/index.php?rest_route=\/wp\/v2\/pages\/9\/revisions"}],"predecessor-version":[{"id":8748,"href":"http:\/\/krokusczluchow.pl\/index.php?rest_route=\/wp\/v2\/pages\/9\/revisions\/8748"}],"wp:attachment":[{"href":"http:\/\/krokusczluchow.pl\/index.php?rest_route=%2Fwp%2Fv2%2Fmedia&parent=9"}],"curies":[{"name":"wp","href":"https:\/\/api.w.org\/{rel}","templated":true}]}}