{"id":11,"date":"2014-06-30T09:16:46","date_gmt":"2014-06-30T07:16:46","guid":{"rendered":"http:\/\/localhost\/krokus\/?page_id=11"},"modified":"2022-10-29T18:38:49","modified_gmt":"2022-10-29T16:38:49","slug":"historia-klubu","status":"publish","type":"page","link":"https:\/\/krokusczluchow.pl\/","title":{"rendered":"Historia klubu"},"content":{"rendered":"<h3><span style=\"color: #000000;\">&nbsp;&nbsp;&nbsp;&nbsp;&nbsp;&nbsp;&nbsp;&nbsp;&nbsp;&nbsp;&nbsp;&nbsp;&nbsp;&nbsp;&nbsp;&nbsp;&nbsp;&nbsp;&nbsp;&nbsp;&nbsp;&nbsp;&nbsp;&nbsp;&nbsp;&nbsp;&nbsp;&nbsp;&nbsp;&nbsp;&nbsp;&nbsp;&nbsp;&nbsp;&nbsp;&nbsp;&nbsp;&nbsp;&nbsp;&nbsp;&nbsp;&nbsp;&nbsp;&nbsp;&nbsp;&nbsp;&nbsp;&nbsp;&nbsp;&nbsp;&nbsp;&nbsp;&nbsp;&nbsp;&nbsp;&nbsp;&nbsp;&nbsp;&nbsp; <em><strong><span style=\"font-family: Arial;\">Tytu\u0142em wst\u0119pu<\/span><\/strong><\/em><\/span><\/h3>\n<p align=\"JUSTIFY\"><span style=\"color: #000000;\"><span style=\"font-family: Arial;\"><span style=\"font-size: small;\">Histori\u0119 dzia\u0142alno\u015bci Stowarzyszenia Klub Abstynenta KROKUS , mo\u017cna przedstawi\u0107 w kilku zdaniach lub kilku stronach. S\u0105dz\u0119 \u017ce zbyt du\u017co, wspania\u0142ych lat min\u0119\u0142o ,by\u0142o zbyt wiele cennych inicjatyw, zbyt wielu wspania\u0142ych os\u00f3b uczestniczy\u0142o w pracy na rzecz klubu, innych cz\u0142onk\u00f3w , oraz na rzecz naszego miasta, by te wspania\u0142e lata naszej dzia\u0142alno\u015bci , mo\u017cna by\u0142o przedstawi\u0107 w kilku zdaniach, pomin\u0105\u0107 wielu wspania\u0142ych cz\u0142onk\u00f3w , bo razem tworzyli\u015bmy z niczego TEN klub ,klub przyjazny i bezpieczny , zawsze otwarty dla zainteresowanych i potrzebuj\u0105cych.&nbsp; Niestety, niekt\u00f3rych cz\u0142onk\u00f3w dzi\u015b ju\u017c w\u015br\u00f3d nas nie ma, odeszli na wieczny odpoczynek, a byli to : <\/span><\/span><\/span><\/p>\n<p align=\"JUSTIFY\"><span style=\"color: #000000;\"><span style=\"font-family: Arial;\"><span style=\"font-size: small;\">\u015bp. W\u0142adys\u0142aw Kosiorek wsp\u00f3\u0142za\u0142o\u017cyciel klubu i wieloletni sekretarz ,Jan Olejnik , Henryk Szynwelski ,Marek Rezmer, <\/span><\/span><\/span><span style=\"color: #000000;\"><span style=\"font-family: Arial;\"><span style=\"font-size: small;\">Janusz Ja\u017cdrzewski ,Zbyszek G\u0105siorowski ,J\u00f3zef Pr\u0105dzy\u0144ski ,Waldemar Kr\u00f3l, Idzi Kuska, Maria Krauze, Gra\u017cyna Miko\u0142ajczak , Lidzia G\u00f3rzy\u0144ska ,Andrzej Psia\u017cnik<\/span><\/span><\/span><\/p>\n<p align=\"JUSTIFY\"><span style=\"color: #000000;\"><span style=\"font-family: Arial;\"><span style=\"font-size: small;\">ICH wk\u0142ad pracy by\u0142 i jest nie oceniony&#8230;<\/span><\/span><\/span><\/p>\n<p align=\"JUSTIFY\"><span style=\"color: #000000;\"> <span style=\"font-family: Arial;\"><span style=\"font-size: small;\">Tak\u0105 histori\u0119 tworzyli\u015bmy, tak\u0105 historie pami\u0119tam i tak\u0105 histori\u0119 przedstawiam , <\/span><\/span><\/span><\/p>\n<p align=\"JUSTIFY\"><span style=\"color: #000000;\"> <span style=\"font-family: Arial;\"><span style=\"font-size: small;\">wsp\u00f3\u0142za\u0142o\u017cyciel i cz\u0142onek Stowarzyszenie Klub Abstynenta KROKUS <\/span><\/span><\/span><\/p>\n<p align=\"JUSTIFY\"><span style=\"color: #000000;\"> <span style=\"font-family: Arial;\"><span style=\"font-size: small;\">Henryk Krusi\u0144ski <\/span><\/span><\/span><\/p>\n<p align=\"JUSTIFY\"><span style=\"color: #000000;\"> <span style=\"font-family: Arial;\"><span style=\"font-size: small;\">Cz\u0142uch\u00f3w maj 2018 roku<\/span><\/span><\/span><\/p>\n<h3 align=\"JUSTIFY\"><span style=\"color: #000000;\"><span style=\"font-family: Arial;\"><span style=\"font-size: large;\"><b>&nbsp;&nbsp;&nbsp;&nbsp;&nbsp;&nbsp;&nbsp;&nbsp;&nbsp;&nbsp;&nbsp;&nbsp;&nbsp;&nbsp;&nbsp;&nbsp;&nbsp;&nbsp;&nbsp;&nbsp;&nbsp;&nbsp;&nbsp;&nbsp;&nbsp;&nbsp;&nbsp; <em>Historia Stowarzyszenia Klub Abstynenta &#8222;KROKUS&#8221;<\/em><\/b><\/span><\/span><\/span><\/h3>\n<p align=\"JUSTIFY\"><span style=\"color: #000000;\"><span style=\"font-family: Arial;\"><span style=\"font-size: small;\">My\u015bl o utworzeniu Klubu Abstynenta zrodzi\u0142a si\u0119 oko\u0142o 1997 roku, niestety wtedy sko\u0144czy\u0142o si\u0119 tylko na s\u0142owach , nie podj\u0119to wtedy \u017cadnych konkretnych dzia\u0142a\u0144, wi\u0119c pomys\u0142 upad\u0142 . Jednak brak w\u0142asnego pomieszczenia na spotkania samopomocowej grupy AA , grupy adresowanej do os\u00f3b uzale\u017cnionych od alkoholu, kt\u00f3ra istnieje w Cz\u0142uchowie od 1986 roku ,by\u0142 powodem do podj\u0119cia dzia\u0142a\u0144 utworzenia klubu abstynenta. Osoby uto\u017csamiaj\u0105ce si\u0119 z problem alkoholowym, zdaj\u0105 sobie spraw\u0119 jak bardzo wa\u017cne jest bezpieczne miejsce spotka\u0144 ,miejsce b\u0119d\u0105ce wzajemnym wsparciem innych os\u00f3b , b\u0119d\u0105cych w podobnej sytuacji \u017cyciowej. Po up\u0142ywie roku , wy\u0142oni\u0142a si\u0119 grupa inicjatywna kt\u00f3ra ponownie postanowi\u0142a podj\u0105\u0107 si\u0119 trudu dzia\u0142a\u0144 utworzenia Klubu Abstynenta , tym razem dzia\u0142ania zako\u0144czy\u0142y si\u0119 powodzeniem.<\/span><\/span><\/span><\/p>\n<p align=\"JUSTIFY\"><span style=\"color: #000000;\"><span style=\"font-family: Arial;\"><span style=\"font-size: small;\">Pierwsze spotkanie za\u0142o\u017cycielskie, odby\u0142o si\u0119 1 listopada 1998 r. w kt\u00f3rym uczestniczy\u0142o 15 os\u00f3b, z po\u015br\u00f3d kt\u00f3rych wybrano komitet za\u0142o\u017cycielski , uzgodniono i przyj\u0119to Statut oraz nazw\u0119 -Stowarzyszenie Klub Abstynenta KROKUS . <\/span><\/span><\/span><\/p>\n<p align=\"JUSTIFY\"><span style=\"color: #000000;\"><span style=\"font-family: Arial;\"><span style=\"font-size: small;\">Po rejestracji w S\u0105dzie rejestrowym , Komitet za\u0142o\u017cycielski sta\u0142 si\u0119 pierwszym Zarz\u0105dem Stowarzyszenia , <\/span><\/span><\/span><\/p>\n<p align=\"JUSTIFY\"><span style=\"color: #000000;\"><span style=\"font-family: Arial;\"><span style=\"font-size: small;\">Maj\u0105c ju\u017c osobowo\u015b\u0107 prawn\u0105 , zacz\u0119li\u015bmy formalne dzia\u0142ania , dzia\u0142ania polegaj\u0105ce na ubieganiu si\u0119 o pomieszczenia od naszego samorz\u0105du , na statutow\u0105 dzia\u0142alno\u015b\u0107. naszego Stowarzyszenia. .<br \/>\nDroga do realizacji naszego za\u0142o\u017cenia nie by\u0142a \u201eus\u0142ana r\u00f3\u017cami\u201d, napotykali\u015bmy na spore trudno\u015bci oraz brak pomieszcze\u0144. Jednak wiara w to, \u017ce jest to s\u0142uszna sprawa, maj\u0105ca s\u0142u\u017cy\u0107 zar\u00f3wno dla cz\u0142onk\u00f3w klubu , jak r\u00f3wnie\u017c dla spo\u0142ecze\u0144stwa naszego miasta i regionu , dodawa\u0142a nam si\u0142y .<\/span><\/span><\/span><\/p>\n<p><!--nextpage--><\/p>\n<p align=\"JUSTIFY\"><span style=\"color: #000000;\"><span style=\"font-family: Arial;\"><span style=\"font-size: small;\">W ko\u0144cu uda\u0142o si\u0119 , znalezione pomieszczenie zaproponowali\u015bmy panu Burmistrzowi , pozosta\u0142o nam czeka\u0107&#8230;&#8230;.<br \/>\nZ ogromnym napi\u0119ciem czekali\u015bmy na decyzje naszych w\u0142adz lokalnych o przydzieleniu pomieszczenia na nasz klub. Sprawa posuwa\u0142a si\u0119 bardzo opornie, ale dzi\u0119ki uparto\u015bci i wytrwa\u0142o\u015bci w \u201ewydeptywaniu \u015bcie\u017cek\u201d do w\u0142adz przez naszego prezesa Henryka Krusi\u0144skiego, nadszed\u0142 ten bardzo oczekiwany i upragniony dzie\u0144, otrzymali\u015bmy upragnione pomieszczenie, pomieszczenie po by\u0142ej kot\u0142owni, przy ul. Szczeci\u0144skiej 5.<br \/>\nRado\u015b\u0107 by\u0142a ogromna, mimo braku pieni\u0119dzy oraz czekaj\u0105cej nas wyt\u0119\u017conej pracy przy zaadoptowaniu pomieszczenia <\/span><\/span><\/span><span style=\"color: #000000;\"><span style=\"font-family: Arial;\"><span style=\"font-size: small;\">po by\u0142ej kot\u0142owni , a pracy by\u0142o bardzo du\u017co, brakowa\u0142o tam okien, posadzek, instalacji elektrycznej i sanitarnej, tynk\u00f3w ,mebli i wyposa\u017cenia . Nie przerazili\u015bmy si\u0119 tym , przeciwnie zabrali\u015bmy si\u0119 do pracy&#8230; <\/span><\/span><\/span><span style=\"color: #000000;\"><span style=\"font-family: Arial;\"><span style=\"font-size: small;\">Z remontem radzili\u015bmy sobie w\u0142asnymi si\u0142ami, wszyscy pracowali z ogromnym po\u015bwi\u0119ceniem, spo\u0142ecznie , szukali\u015bmy materia\u0142\u00f3w oraz sponsor\u00f3w-z powodzeniem !!! , po dw\u00f3ch tygodniach remontu, odwiedzi\u0142 nas \u00f3wczesny Burmistrz-Leopold Szreder , z Przewodnicz\u0105c\u0105 Komisji Rozwi\u0105zywania Problem\u00f3w Alkoholowych Gra\u017cyn\u0105 Radziemsk\u0105, gdy zobaczono post\u0119py w pracach , otrzymali\u015bmy dofinansowanie z przeznaczeniem na remont w kwocie 2000 z\u0142 . Po pomoc zg\u0142osi\u0142em si\u0119 do kurator\u00f3w s\u0105dowych z naszego S\u0105du , do naszych prac zosta\u0142a skierowana osoba maj\u0105ca do odpracowania zas\u0105dzone godziny, pomys\u0142 by\u0142 trafiony-ta osoba wykona\u0142a bez uwag ,bardzo du\u017co prac budowlanych.<\/span><\/span><\/span><\/p>\n<p align=\"JUSTIFY\"><span style=\"color: #000000;\"><span style=\"font-family: Arial;\"><span style=\"font-size: small;\">Prace adaptacyjne rozpocz\u0119\u0142y si\u0119 w marcu 1999 roku, a uko\u0144czone zosta\u0142y pod koniec maja przymocowaniem przez prezesa klubu, tablicy informacyjnej wraz z logiem naszego klubu- KROKUSEM. W\u00f3wczas klub liczy\u0142 17- tu cz\u0142onk\u00f3w.<br \/>\nUroczyste otwarcie klubu z udzia\u0142em w\u0142adz miasta oraz zaproszonych go\u015bci , nast\u0105pi\u0142o 22 maja 1999 roku. Od tego momentu mieli\u015bmy miejsce, gdzie mogli\u015bmy si\u0119 spotyka\u0107 przy kawie herbacie bez wszechobecnego alkoholu. Czasami klub przemienia\u0142 si\u0119 w salon pi\u0119kno\u015bci, szko\u0142\u0119 ta\u0144ca, a czasami w kawiarenk\u0119, najwa\u017cniejsze jednak by\u0142o to, \u017ce grupy samopomocowe AA , oraz nowo powsta\u0142a grupa samopomocowa Al-Anon mia\u0142y swoje miejsce, a uczestnicz\u0105cy w spotkaniach , mogli spokojnie , bezpiecznie spotyka\u0107 si\u0119 i pracowa\u0107 nad swoim rozwojem . <\/span><\/span><\/span><\/p>\n<p align=\"JUSTIFY\"><span style=\"color: #000000;\"><span style=\"font-family: Arial;\"><span style=\"font-size: small;\">Cz\u0142onkostwo w naszym KROKUSIE stwarza mo\u017cliwo\u015b\u0107 w\u0142asnego rozwoju , tu nast\u0119puje proces zdrowienia, a za tym idzie proces rehabilitacji os\u00f3b cz\u0119sto stoj\u0105cych na kraw\u0119dzi wykluczenia spo\u0142ecznego. <\/span><\/span><\/span><\/p>\n<p align=\"JUSTIFY\"><span style=\"color: #000000;\"><span style=\"font-family: Arial;\"><span style=\"font-size: small;\">Dzi\u0119ki pracy nad sob\u0105, cz\u0119sto nast\u0119puje przywr\u00f3cenie os\u00f3b rodzinie oraz naszemu spo\u0142ecze\u0144stwu.<br \/>\nNasza dzia\u0142alno\u015b\u0107 si\u0119 rozwija\u0142a, uczyli\u015bmy si\u0119 te\u017c i na b\u0142\u0119dach , lecz to nas jedynie mobilizowa\u0142o do dalszej pracy . Zacz\u0119li\u015bmy organizowa\u0107 wycieczki rowerowe , rajdy samochodowe, odby\u0142 si\u0119 pierwszy tygodniowy ob\u00f3z terapeutyczny na obiektach WOPR dla dzieci z rodzin dysfunkcyjnych a po nim biwak dla klubowicz\u00f3w. Po up\u0142ywie roku ponownie spotkali\u015bmy si\u0119 z dzie\u0107mi-uczestnikami naszego obozu , czas pobytu na obozie wywar\u0142 na nich bardzo dobre wra\u017cenie , obecnie czasami widuj\u0119 nie kt\u00f3re osoby-wtedy dzieci-dzi\u015b doro\u015bli ludzie maj\u0105cy w\u0142asne rodziny, pami\u0119taj\u0105 i bardzo mi\u0142o wspominaj\u0105 tamte dni&#8230;..<\/span><\/span><\/span><\/p>\n<p align=\"JUSTIFY\"><span style=\"color: #000000;\"><span style=\"font-family: Arial;\"><span style=\"font-size: small;\">14 sierpnia 1999 roku na pla\u017cy OSiR odby\u0142 si\u0119 Festyn Abstynencki , kt\u00f3rego byli\u015bmy inicjatorami jako pierwsi w naszym mie\u015bcie i powiecie , w kt\u00f3rym udzia\u0142 wzi\u0119li Cz\u0142uchowscy radni wraz z burmistrzem , oraz mieszka\u0144cy naszego miasta.. <\/span><\/span><\/span><\/p>\n<p align=\"JUSTIFY\"><span style=\"color: #000000;\"><span style=\"font-family: Arial;\"><span style=\"font-size: small;\">W ramach integracji zacz\u0119li\u015bmy organizowa\u0107 wycieczki rowerowe, dni klubowicza, a w lipcu 2001 roku odby\u0142 si\u0119 pierwszy sp\u0142yw kajakowy rzek\u0105 Brd\u0105 wraz z trzydniowym biwakiem, sp\u0142ywy kajakowe kontynuowane s\u0105 do chwili obecnej . W sp\u0142ywach uczestnicz\u0105 nasze rodziny oraz sympatycy ruchu abstynenckiego.<\/span><\/span><\/span><\/p>\n<p align=\"JUSTIFY\"><span style=\"color: #000000;\"><span style=\"font-family: Arial;\"><span style=\"font-size: small;\">W grudniu 2000 roku w naszym klubie odby\u0142o si\u0119 pierwsze spotkanie tematyczne z udzia\u0142em przedstawicieli Policji, MOPS , Komisji Rozw.Probl.Alkoholowych. Tematem spotkania by\u0142o: \u201eStop Przemocy w Rodzinie\u201d. W tym samym miesi\u0105cu zostali\u015bmy te\u017c wsp\u00f3\u0142organizatorami halowego turnieju pi\u0142karskiego w szkole podstawowej w Cz\u0142uchowie.<br \/>\nW 2001 roku zorganizowali\u015bmy og\u00f3lnodost\u0119pn\u0105 wystaw\u0119 pt.\u201ePoczet papie\u017cy\u201d ze zbior\u00f3w Czes\u0142awa Frydy z Tucholi.<\/span><\/span><\/span><\/p>\n<p align=\"JUSTIFY\"><span style=\"color: #000000;\"><span style=\"font-family: Arial;\"><span style=\"font-size: small;\">Jako Stowarzyszenie abstynenckie szukali\u015bmy kontaktu z innymi Stowarzyszeniami o podobnym kierunku dzia\u0142a\u0144 w naszym wojew\u00f3dztwie. Poprzez kontakt z innymi Stowarzyszeniami liczyli\u015bmy na wzajemne wsparcie oraz wymian\u0119 do\u015bwiadcze\u0144<b>. <\/b>Nasze uczestnictwa w spotkaniach innych stowarzysze\u0144 i klub\u00f3w abstynenta , rozpocz\u0119\u0142y si\u0119 od spotkania 3 wrze\u015bnia 2000 roku w Starogardzie Gda\u0144skim, na kt\u00f3rym postanowiono o powo\u0142aniu Zwi\u0105zku Klub\u00f3w Abstynenta woj Pomorskiego , kt\u00f3rego cz\u0142onkami jeste\u015bmy do chwili obecnej.<\/span><\/span><\/span><\/p>\n<p><!--nextpage--><\/p>\n<p align=\"JUSTIFY\"><span style=\"color: #000000;\"><span style=\"font-family: Arial;\"><span style=\"font-size: small;\">Od momentu powstania klubu , do dnia dzisiejszego , cyklicznie odbywaj\u0105 si\u0119 rocznice abstynenckie, spotkania dyskusyjne , warsztaty terapeutyczne , spotkania op\u0142atkowe, wieczorki Andrzejkowe i walentynkowe oraz dla naszych Pa\u0144 &#8211; Dzie\u0144 Kobiet , dla chc\u0105cych bawi\u0107 si\u0119 bez alkoholu, bezalkoholowe zabawy Sylwestrowe i karnawa\u0142owe. Od wielu lat uczestniczymy w Jasnog\u00f3rskich Spotkaniach Trze\u017cwo\u015bciowych w Cz\u0119stochowie oraz podobnych w Licheniu. Co roku na pocz\u0105tku czerwca ,z naszymi rodzinami uczestniczymy w kilku dniowym Zlocie Rodzin Abstynenckich we <\/span><\/span><\/span><span style=\"color: #000000;\"><span style=\"font-family: Arial;\"><span style=\"font-size: small;\">W\u0142adys\u0142awowie, natomiast w sierpniu w podobnym Zlocie uczestniczymy w Toruniu , podczas kt\u00f3rych korzystamy ze spotka\u0144 z profesjonalistami ich prelekcji , podczas kt\u00f3rych nast\u0119puje wymiana do\u015bwiadcze\u0144 .<br \/>\nCz\u0142onkowie Stowarzyszenia od wielu lat r\u00f3wnie\u017c korzystaj\u0105 ze szkole\u0144 , tym samym dbamy o sw\u00f3j rozw\u00f3j osobisty podnoszenie wiedzy oraz kwalifikacji . Natomiast w 2013 roku , Stowarzyszenie zg\u0142osi\u0142o gotowo\u015b\u0107 przej\u015bcia procesu standaryzacji naszych dzia\u0142a\u0144 , w wyniku kilku superwizji , oceniaj\u0105cych nasz\u0105 dzia\u0142alno\u015b\u0107 , otrzymali\u015bmy Certyfikat potwierdzaj\u0105cy nasz\u0105 dzia\u0142alno\u015b\u0107 zgodnie ze standardami dzia\u0142a\u0144 w zakresie : dzia\u0142a\u0144 profilaktycznych , organizacyjno formalnym oraz pod wzgl\u0119dem wsp\u00f3\u0142pracy z samorz\u0105dem w tym z , Kom .Rozw. Probl.Alkoholowych .<\/span><\/span><\/span><\/p>\n<p align=\"JUSTIFY\"><span style=\"color: #000000;\"><span style=\"font-family: Arial;\"><span style=\"font-size: small;\">Natomiast w 2018r po kolejnych superwizjach taki Certyfikat zosta\u0142 nam przed\u0142u\u017cony do 2020 r. z czego jeste\u015bmy dumni.<\/span><\/span><\/span><\/p>\n<p align=\"JUSTIFY\"><span style=\"color: #000000;\"><span style=\"font-family: Arial;\"><span style=\"font-size: small;\">Od pocz\u0105tku naszej dzia\u0142alno\u015bci , nie jeste\u015bmy oboj\u0119tni na ludzkie tragedie , kt\u00f3re niestety bywaj\u0105 ,w razie konieczno\u015bci bez wahania podejmujemy dzia\u0142ania pomocowe dla potrzebuj\u0105cych, pierwsz\u0105 tak\u0105 pomoc w 2002 roku , by\u0142a pomoc w postaci art spo\u017cywczych , meble art AGD dla powodzian z Doliny K\u0142odzkiej powiat Nowos\u0105decki . Kolejn\u0105 pomoc od nas otrzymali pogorzelcy w miejscowo\u015bci Raciniewo k.Czarnego , natomiast w 2010 roku po katastrofalnej powodzi kt\u00f3ra nawiedzi\u0142a Polsk\u0119 ,byli\u015bmy organizatorami pomocy dla powodzian w gminie S\u0142ubice w pow. P\u0142ockim , r\u00f3wnie\u017c i tu nie zawiedli nasi mieszka\u0144cy i w przeci\u0105gu trzech tygodni do poszkodowanych pojecha\u0142y dwa transporty z art. spo\u017cywczymi , AGD oraz materia\u0142ami budowlanymi a po miesi\u0105cu dostarczyli\u015bmy potrzebuj\u0105cym , kilkana\u015bcie komplet\u00f3w mebli oraz wyposa\u017cenie mieszka\u0144. W 2017r wspierali\u015bmy poszkodowanych w pot\u0119\u017cnej wichurze z teren\u00f3w pobliskich miejscowo\u015bci , Brusy oraz Rytla . Do poszkodowanych dostarczyli\u015bmy art.spo\u017cywcze , nasze panie upiek\u0142y kilkana\u015bcie plack\u00f3w &#8211; mile widzianych-oraz zebran\u0105 kwot\u0105 pieni\u0119\u017cn\u0105 przekazan\u0105 na konto poszkodowanym .<br \/>\nW sierpniu 2005 roku po raz pierwszy zorganizowali\u015bmy konkurs pod has\u0142em \u201eP\u0142ywamy na bele czem\u201d, wspania\u0142a inicjatywa , daj\u0105ca dzieciom i m\u0142odzie\u017cy mo\u017cliwo\u015b\u0107 wykazania si\u0119 kreatywno\u015bci\u0105 wspania\u0142\u0105 zabaw\u0119, ten konkurs organizowali\u015bmy do 2009 roku, obecnie planujemy go reaktywowa\u0107 ,natomiast w listopadzie 2005 r. utworzona zosta\u0142a dru\u017cyna m\u0142odych tenisist\u00f3w , zosta\u0142y organizowane Turnieje Tenisa Sto\u0142owego dla dzieci i m\u0142odzie\u017cy, dru\u017cyna uczestniczy\u0142a w turniejach tenisowych tak\u017ce poza Cz\u0142uchowem , m.innymi w Starogardzie Gda\u0144skim, Toruniu Debrznie, Czarnem, uzyskuj\u0105c czo\u0142owe lokaty , promuj\u0105c nasze miasto oraz Stowarzyszenie K.A KROKUS. Trenerem naszej dru\u017cyny by\u0142 pan Leszek Jodaniewski, pasjonat tenisa sto\u0142owego , wspania\u0142y trener oraz dobry cz\u0142owiek , naszych zawodnik\u00f3w sponsorowa\u0142a , ubiera\u0142a hurtownia art.spo\u017cywczych MIREX z Cz\u0142uchowa.<br \/>\nOd 2006 roku do chwili obecnej , jeste\u015bmy organizatorami Og\u00f3lnopolskiego Dnia Trze\u017awo\u015bci . Adresatami tej akcji s\u0105 kieruj\u0105cy pojazdami , nasi mieszka\u0144cy mieszka\u0144c\u00f3w , oraz w\u0142a\u015bciciele punkt\u00f3w handlowych sprzedaj\u0105cych alkohol. <\/span><\/span><\/span><\/p>\n<p align=\"JUSTIFY\"><span style=\"color: #000000;\"><span style=\"font-family: Arial;\"><span style=\"font-size: small;\">W organizowanie tych dzia\u0142a\u0144 aktywnie w\u0142\u0105cza si\u0119 nasza Kom.Rozw.Pr.Alkoholowych, Kom.Pow.Policji , m\u0142odzie\u017c naszych szk\u00f3\u0142 oraz wspiera nas zawsze Pan Burmistrz Ryszard Szybaj\u0142o ,my natomiast promujemy nasz\u0105 dzia\u0142alno\u015b\u0107.<br \/>\nOd 2010 roku zmienili\u015bmy siedzib\u0119 dzia\u0142alno\u015bci naszego klubu , obecnie cz\u0142uchowski Krokus ma siedzib\u0119, w przestronnym lokalu przy ul. Szkolnej 1a . Stadion OSiR.<\/span><\/span><\/span><\/p>\n<p align=\"JUSTIFY\"><span style=\"color: #000000;\"><span style=\"font-family: Arial;\"><span style=\"font-size: small;\">Nie spos\u00f3b pomin\u0105\u0107 naszego zaanga\u017cowania w prace spo\u0142ecznie u\u017cyteczne, dla polepszenia wizerunku naszej siedziby i okolicy przy kt\u00f3rej obecnie mamy siedzib\u0119 : Uczestniczyli\u015bmy w projekcie realizowanym przez MOPS , dzi\u0119ki kt\u00f3remu wybudowali\u015bmy obok siedziby klubu i \u015bwietlicy socjoterapeutycznej pi\u0119kn\u0105 wiat\u0119, s\u0142u\u017c\u0105cej klubowiczom i dzieciom z pobliskiej \u015bwietlicy. W 2011r wybudowali\u015bmy z polbruku ok 400 m kw drogi dojazdowej wraz z parkingiem, prowadz\u0105cej do naszego klubu , wybudowali\u015bmy podjazd dla os\u00f3b niepe\u0142nosprawnych prowadz\u0105cy do naszej siedziby s\u0142u\u017c\u0105cy potrzebuj\u0105cym, w 2017 r wybudowali\u015bmy ok 30m kw kolejnej drogi wjazdowej oraz chodnik wzd\u0142u\u017c wiaty, zosta\u0142y wraz z m\u0142odzie\u017c\u0105 posadzone tuje i posiana trawa, wyremontowany zosta\u0142 dach na naszym gara\u017cu. Uchwa\u0142\u0105 Zarz\u0105du ,podj\u0119li\u015bmy si\u0119 opieki nad pomnikiem wyzwolicieli TYCH ziem , usytuowanym w naszym parku . Utrzymanie w czysto\u015bci pomnika oraz porz\u0105dku wok\u00f3\u0142 pomnika , jest nasz\u0105 powinno\u015bci\u0105 kt\u00f3r\u0105 realizujemy.<\/span><\/span><\/span><\/p>\n<p><!--nextpage--><\/p>\n<p align=\"JUSTIFY\"><span style=\"color: #000000;\"><span style=\"font-family: Arial;\"><span style=\"font-size: small;\">Od wielu lat , dzi\u0119ki bardzo dobrej wsp\u00f3\u0142pracy z Kom.Pow. Pa\u0144stwowej Stra\u017cy Po\u017carnej w Cz\u0142uchowie , korzystamy oraz dbamy o cz\u0119\u015b\u0107 o\u015brodka , dwa domki w O\u015brodku Szkoleniowym Stra\u017cy, pod Rychnowami , wybudowali\u015bmy tam pi\u0119kn\u0105 wiat\u0119 , sposobem gospodarczym wyremontowali\u015bmy dwa istniej\u0105ce tam domki , organizujemy tam obozy i biwaki dla dzieci z terenu miasta , z tego miejsca korzystaj\u0105 klubowicze wraz z rodzinami ale i nasi stra\u017cacy , dbaj\u0105c o t\u0105 cz\u0119\u015b\u0107 <\/span><\/span><\/span><span style=\"color: #000000;\"><span style=\"font-family: Arial;\"><span style=\"font-size: small;\">o\u015brodka , kosimy traw\u0119 , wzd\u0142u\u017c p\u0142otu posadzili\u015bmy 30-ci tuj , dzieci nasadzi\u0142y kilkana\u015bcie \u015bwierk\u00f3w kt\u00f3re pi\u0119knie rosn\u0105.<br \/>\nObecnie jest rok 2018, w tym roku mija 20 lat od momentu powstania naszego Stowarzyszenia ,przez wszystkie lata naszej dzia\u0142alno\u015bci , pracowali\u015bmy na nasz\u0105 wiarygodno\u015b\u0107 , szacunek i dobre s\u0142owo , wsp\u00f3\u0142pracujemy z cz\u0142uchowskimi instytucjami takimi jak : Urz\u0105d Miasta , MOPS , PCPR , Kom.Pow.P.S.Po\u017carnej , Kom.Pow.Policji ,Starostwo Powiatowe Na prze\u0142omie 20 letniej naszej dzia\u0142alno\u015bci , napotkali\u015bmy wielu wspania\u0142ych ludzi ,kt\u00f3rzy zawsze , sw\u0105 postaw\u0105 , dobr\u0105 rad\u0105 , \u017cyczliwo\u015bci\u0105 , nawet materialnie wspierali naszego KROKUSA , na kt\u00f3rych zawsze mo\u017cemy liczy\u0107 , za tak\u0105 postaw\u0119 oraz zaanga\u017cowanie uchwa\u0142\u0105 Stowarzyszenia , osoby te zosta\u0142y wyr\u00f3\u017cnione honorowym cz\u0142onkostwem naszego KROKUSA, a byli to : Maria i Zbyszek Tumalewiczowie z Laskowa gm Lipka , Danuta i Andrzej Lewi\u0144scy \u2013 w\u0142a\u015bciciele biura rachunkowego ABAKUS w Cz\u0142uchowie , Gra\u017cyna Misztal \u2013 radna Rady Miasta Cz\u0142uch\u00f3w, Krzysztof Bartczak- \u00f3wczesny komendant Powiatowy Pa\u0144stwowej Stra\u017cy Po\u017carnej w Cz\u0142uchowie , Ryszard Szybaj\u0142o &#8211; Burmistrz Miasta Cz\u0142uchowa. Natomiast sta\u0142ymi cz\u0142onkami KROKUSA by\u0142o 118 os\u00f3b . Obecnie KROKUS liczy 30-tu cz\u0142onk\u00f3w .<\/span><\/span><\/span><\/p>\n<p align=\"JUSTIFY\"><span style=\"color: #000000;\"><span style=\"font-family: Arial;\"><span style=\"font-size: small;\">Na corocznych spotkaniach z okazji Mi\u0119dzynarodowego Dnia Wolontariusza , kt\u00f3ry obchodzony jest w Cz\u0142uchowie od wielu lat , co roku , za sw\u0105 aktywno\u015b\u0107 , bezinteresown\u0105 pomoc dla innych , wyr\u00f3\u017cniani s\u0105 r\u00f3wnie\u017c cz\u0142onkowie KROKUSA w 2010 r w dniu Wolontariusza wyr\u00f3\u017cnieniem Cz\u0142uchowskiego Anio\u0142a za sw\u0105 wra\u017cliwo\u015b\u0107 oraz spo\u0142eczn\u0105 prac\u0119 , wyr\u00f3\u017cniono kol Henryka Krusi\u0144skiego , obecnie Radnego Rady Miasta Cz\u0142uchowa. <\/span><\/span><\/span><\/p>\n<p align=\"JUSTIFY\"><span style=\"color: #000000;\"><span style=\"font-family: Arial;\"><span style=\"font-size: small;\">Nasze Stowarzyszenie K.A. KROKUS jest pozytywnie oceniane przez mieszka\u0144c\u00f3w Cz\u0142uchowa ,oraz przez nasze w\u0142adze samorz\u0105dowe , o czym \u015bwiadczy\u0107 mo\u017ce fakt, \u017ce nasze coroczne oferty programowe s\u0105 pozytywnie oceniane podczas konkurs\u00f3w ofert , co skutkuje tym , \u017ce posiadamy zabezpieczenie finansowe na realizacj\u0119 naszych program\u00f3w , jeste\u015bmy wsp\u00f3\u0142realizatorami Gminnego Programu Profilaktyki w naszym mie\u015bcie..<\/span><\/span><\/span><\/p>\n<p align=\"JUSTIFY\"><span style=\"color: #000000;\"><span style=\"font-family: Arial;\"><span style=\"font-size: small;\">Wsp\u00f3\u0142praca z w\u0142odarzami miasta Cz\u0142uchowa uk\u0142ada si\u0119 bardzo dobrze. Jeste\u015bmy wiarogodnymi partnerami oraz realizatorami wielu wsp\u00f3lnych zada\u0144 , s\u0142u\u017c\u0105cych naszym mieszka\u0144com. Nasze cele s\u0105 wsp\u00f3lne- DRUGI CZ\u0141OWIEK , szczeg\u00f3lnie ten zagubiony, cz\u0119sto czekaj\u0105cy na pomocn\u0105 d\u0142o\u0144&#8230;&#8230;<\/span><\/span><\/span><\/p>\n","protected":false},"excerpt":{"rendered":"<p>&nbsp;&nbsp;&nbsp;&nbsp;&nbsp;&nbsp;&nbsp;&nbsp;&nbsp;&nbsp;&nbsp;&nbsp;&nbsp;&nbsp;&nbsp;&nbsp;&nbsp;&nbsp;&nbsp;&nbsp;&nbsp;&nbsp;&nbsp;&nbsp;&nbsp;&nbsp;&nbsp;&nbsp;&nbsp;&nbsp;&nbsp;&nbsp;&nbsp;&nbsp;&nbsp;&nbsp;&nbsp;&nbsp;&nbsp;&nbsp;&nbsp;&nbsp;&nbsp;&nbsp;&nbsp;&nbsp;&nbsp;&nbsp;&nbsp;&nbsp;&nbsp;&nbsp;&nbsp;&nbsp;&nbsp;&nbsp;&nbsp;&nbsp;&nbsp; Tytu\u0142em wst\u0119pu Histori\u0119 dzia\u0142alno\u015bci Stowarzyszenia Klub Abstynenta KROKUS , mo\u017cna przedstawi\u0107 w kilku zdaniach lub kilku stronach. S\u0105dz\u0119 \u017ce zbyt du\u017co, wspania\u0142ych lat min\u0119\u0142o ,by\u0142o zbyt wiele cennych inicjatyw, zbyt wielu wspania\u0142ych os\u00f3b uczestniczy\u0142o w pracy na rzecz klubu, innych cz\u0142onk\u00f3w , oraz na rzecz naszego miasta, by te wspania\u0142e lata naszej dzia\u0142alno\u015bci , [&hellip;]<\/p>\n","protected":false},"author":1,"featured_media":0,"parent":0,"menu_order":0,"comment_status":"open","ping_status":"open","template":"","meta":{"ngg_post_thumbnail":0},"_links":{"self":[{"href":"https:\/\/krokusczluchow.pl\/index.php?rest_route=\/wp\/v2\/pages\/11"}],"collection":[{"href":"https:\/\/krokusczluchow.pl\/index.php?rest_route=\/wp\/v2\/pages"}],"about":[{"href":"https:\/\/krokusczluchow.pl\/index.php?rest_route=\/wp\/v2\/types\/page"}],"author":[{"embeddable":true,"href":"https:\/\/krokusczluchow.pl\/index.php?rest_route=\/wp\/v2\/users\/1"}],"replies":[{"embeddable":true,"href":"https:\/\/krokusczluchow.pl\/index.php?rest_route=%2Fwp%2Fv2%2Fcomments&post=11"}],"version-history":[{"count":19,"href":"https:\/\/krokusczluchow.pl\/index.php?rest_route=\/wp\/v2\/pages\/11\/revisions"}],"predecessor-version":[{"id":8156,"href":"https:\/\/krokusczluchow.pl\/index.php?rest_route=\/wp\/v2\/pages\/11\/revisions\/8156"}],"wp:attachment":[{"href":"https:\/\/krokusczluchow.pl\/index.php?rest_route=%2Fwp%2Fv2%2Fmedia&parent=11"}],"curies":[{"name":"wp","href":"https:\/\/api.w.org\/{rel}","templated":true}]}}