{"id":13,"date":"2014-06-30T09:17:03","date_gmt":"2014-06-30T07:17:03","guid":{"rendered":"http:\/\/localhost\/krokus\/?page_id=13"},"modified":"2025-05-09T10:18:32","modified_gmt":"2025-05-09T08:18:32","slug":"statut-stowarzyszenia","status":"publish","type":"page","link":"https:\/\/krokusczluchow.pl\/?page_id=13","title":{"rendered":"Statut stowarzyszenia"},"content":{"rendered":"<h2><span style=\"text-decoration: underline;\"><strong>STATUT<\/strong><\/span><\/h2>\n<h3><strong>Stowarzyszenia Klubu Abstynenta&nbsp; &#8221; KROKUS &#8222;<\/strong><\/h3>\n<p>&nbsp;<\/p>\n<h3><span style=\"text-decoration: underline;\"><strong>I.&nbsp; Nazwa, siedziba i teren dzia\u0142alno\u015bci.<\/strong><\/span><\/h3>\n<p><strong>\u00a7 1.<\/strong><\/p>\n<p>Stowarzyszenie nosi nazw\u0119 Klub Abstynenta &#8221; KROKUS &#8221; zwane dalej Stowarzyszeniem i jest zarejestrowane oraz<\/p>\n<p>posiada osobowo\u015b\u0107 prawn\u0105.<\/p>\n<p><strong>\u00a7 2.<\/strong><\/p>\n<p>Siedzib\u0105 Stowarzyszenia jest miasto Cz\u0142uch\u00f3w ul. Szkolna 1 A<\/p>\n<p><strong>\u00a7 3.<\/strong><\/p>\n<p>Terenem dzia\u0142ania jest miasto i gmina Cz\u0142uch\u00f3w. Stowarzyszenie posiada pod\u0142u\u017cn\u0105 piecz\u0105tk\u0119, zawieraj\u0105c\u0105 nazw\u0119<\/p>\n<p>Klub Abstynenta &#8221; KROKUS &#8221; , adres oraz numer konta.<\/p>\n<h3><span style=\"text-decoration: underline;\"><strong>II.&nbsp; Cel i \u015brodki oddzia\u0142ywania.<\/strong><\/span><\/h3>\n<p><strong>\u00a7 4.<\/strong><\/p>\n<p>1.&nbsp;&nbsp; Celem Stowarzyszenia jest kszta\u0142towanie u Swoich cz\u0142onk\u00f3w trwa\u0142ych d\u0105\u017ce\u0144 do ca\u0142kowitego powstrzymania si\u0119<\/p>\n<p>od picia wszelkich napoj\u00f3w alkoholowych.<\/p>\n<p>2.&nbsp;&nbsp; Stowarzyszenie propaguje trze\u017awo\u015b\u0107 i zmian\u0119 obyczaj\u00f3w w kierunku usuwania z \u017cycia rodziny i jednostki<\/p>\n<p>napoj\u00f3w alkoholowych jako element\u00f3w r\u00f3\u017cnych wydarze\u0144 i uroczysto\u015bci.<\/p>\n<p>3.&nbsp;&nbsp; Przeciwdzia\u0142anie innym patologiom spo\u0142ecznym poprzez edukacj\u0119 zdrowotn\u0105 dzieci i m\u0142odzie\u017cy, oraz organizowanie<\/p>\n<p>wypoczynku dla dzieci i m\u0142odzie\u017cy.<\/p>\n<p>4.&nbsp;&nbsp; Wspieranie inicjatyw oraz dzia\u0142alno\u015b\u0107 w zakresie kultury fizycznej i sportu.<\/p>\n<p>5.&nbsp;&nbsp; Dzia\u0142alno\u015b\u0107 w zakresie zdrowia publicznego &#8211; w zakresie profilaktyki i rozwi\u0105zywania<\/p>\n<p>problem\u00f3w alkoholowych.<\/p>\n<p><strong>\u00a7 5.<\/strong><\/p>\n<p>Dzia\u0142alno\u015b\u0107 swoj\u0105 Stowarzyszenie opiera na :<\/p>\n<p>&#8211; wzajemnej pomocy cz\u0142onk\u00f3w w utrzymaniu abstynencji od napoj\u00f3w alkoholowych<\/p>\n<p>&#8211; wsp\u00f3\u0142dzia\u0142aniu z Poradni\u0105 Odwykow\u0105 w Cz\u0142uchowie<\/p>\n<p>&#8211; wsp\u00f3\u0142pracy z Komisj\u0105 ds. Przeciwdzia\u0142ania Alkoholizmowi przy Urz\u0119dzie Miasta w Cz\u0142uchowie<\/p>\n<p>&#8211; wsp\u00f3\u0142pracy ze Stowarzyszeniami i Klubami o podobnych oddzia\u0142ywaniach w wojew\u00f3dztwie oraz na terenie ca\u0142ego kraju<\/p>\n<p><strong>\u00a7 6.<\/strong><\/p>\n<p>Cele swoje Stowarzyszenie realizuje g\u0142\u00f3wnie przez :<\/p>\n<p>1. Organizowanie i prowadzenie spotka\u0144 grupowych oraz prelekcji o tematyce przeciwalkoholowej na terenie<\/p>\n<p>swojego oddzia\u0142ywania<\/p>\n<p>2.&nbsp; Inicjowanie i pomoc w prowadzeniu na terenie lecznictwa otwartego, grup psychoterapeutycznych na wz\u00f3r<\/p>\n<p>Anonimowych Alkoholik\u00f3w <!--nextpage--><\/p>\n<p>3. &nbsp; Organizowanie Centr\u00f3w Integracji Spo\u0142ecznej<\/p>\n<p>4.&nbsp;&nbsp; Stowarzyszenia organizuj\u0105 grupy wsparcia dla os\u00f3b zagro\u017conych uzale\u017cnieniem i ich rodzin<\/p>\n<p>oraz kluby integracji spo\u0142ecznej<\/p>\n<p><strong>\u00a7 7.<\/strong><\/p>\n<p>Wymienione w \u00a7 4, 5, 6 zadania Stowarzyszenia realizuje si\u0119 za pomoc\u0105 okre\u015blonych \u015brodk\u00f3w, a mianowicie :<\/p>\n<p>&#8211;&nbsp; organizowaniu i prowadzeniu na terenie swojego oddzia\u0142ywania zaj\u0119\u0107 \u015bwietlicowych oraz dzia\u0142alno\u015bci kulturalno &#8211; o\u015bwiatowej m.in.<\/p>\n<p>a\/ prelekcji, odczyt\u00f3w o tematyce przeciwdzia\u0142ania alkoholizmowi<\/p>\n<p>b\/ wycieczek<\/p>\n<p>c\/ zbiorowego uczestnictwa w imprezach widowiskowych<\/p>\n<p>d\/ wieczork\u00f3w i zabaw tanecznych bezalkoholowych<\/p>\n<p>e\/ w\u0142asnych imprez po\u0142\u0105czonych z darami i nagrodami jak rozgrywki szachowe, sportowe, zabawy choinkowe dla dzieci,<\/p>\n<p>Dzie\u0144 Dziecka, Dzie\u0144 Kobiet itp.<\/p>\n<p>f\/&nbsp; organizowanie zjazd\u00f3w i zlot\u00f3w abstynenckich<\/p>\n<p>g\/&nbsp; u\u0142atwianie swoim cz\u0142onkom rehabilitacji spo\u0142ecznej przez interwencj\u0119 w zak\u0142adzie pracy, u w\u0142adz administracyjnych,<\/p>\n<p>w \u015brodowiskach rodzinnych<\/p>\n<p>h\/&nbsp; prowadzenie drobnej sprzeda\u017cy detalicznej na rzecz cz\u0142onk\u00f3w Stowarzyszenia<\/p>\n<h3><span style=\"text-decoration: underline;\"><strong>III.&nbsp;&nbsp; Spos\u00f3b wst\u0119powania i ust\u0119powania cz\u0142onk\u00f3w oraz ich prawa i obowi\u0105zki<\/strong><\/span><\/h3>\n<p><strong>\u00a7 8.<\/strong><\/p>\n<p>Cz\u0142onkiem mo\u017ce zosta\u0107 ka\u017cdy, kto w zwi\u0105zku z leczeniem odwykowym lub niezale\u017cnie od niego<\/p>\n<p>deklaruje abstynencj\u0119 od napoj\u00f3w alkoholowych i podporz\u0105dkowuje si\u0119 postanowieniom statutu<\/p>\n<p>oraz uchwa\u0142om w\u0142adz Stowarzyszenia.<\/p>\n<p><strong>\u00a7 9.&nbsp; Cz\u0142onkowie maj\u0105 prawo :<\/strong><\/p>\n<p>a\/&nbsp;&nbsp; korzysta\u0107 ze wszystkich form oddzia\u0142ywania Stowarzyszenia<\/p>\n<p>b\/&nbsp; uczestniczy\u0107 w og\u00f3lnych zebraniach Stowarzyszenia<\/p>\n<p>c\/&nbsp; wybiera\u0107 i by\u0107 wybieranym do w\u0142adz Stowarzyszenia<\/p>\n<p>d\/&nbsp; wysuwa\u0107 postulaty i wnioski wobec w\u0142adz Stowarzyszenia w zakresie swojej rehabilitacji<\/p>\n<p>oraz usprawnienia form oddzia\u0142ywania<\/p>\n<p><strong>\u00a7 10.&nbsp;&nbsp; Cz\u0142onkowie s\u0105 zobowi\u0105zani :<\/strong><\/p>\n<p>a\/&nbsp; zachowa\u0107 abstynencj\u0119 od alkoholu zar\u00f3wno na terenie Stowarzyszenia jak i w \u017cyciu prywatnym,<\/p>\n<p>a tak\u017ce propagowa\u0107 abstynencj\u0119<\/p>\n<p>b\/&nbsp; przyczynia\u0107 si\u0119 do realizacji cel\u00f3w Stowarzyszenia poprzez swoj\u0105 postaw\u0119, zdyscyplinowanie<\/p>\n<p>oraz wk\u0142ad pracy <!--nextpage--><\/p>\n<p>c\/&nbsp; ochrania\u0107 przedmioty stanowi\u0105ce maj\u0105tek Stowarzyszenia jako w\u0142asno\u015b\u0107 spo\u0142eczn\u0105 i wsp\u00f3lne dobro<\/p>\n<p>d\/&nbsp; dostosowa\u0107 si\u0119 do postanowie\u0144 statutu i podejmowanych uchwa\u0142<\/p>\n<p>e\/&nbsp; przestrzega\u0107 przepis\u00f3w prawa i zasad wsp\u00f3\u0142\u017cycia spo\u0142ecznego<\/p>\n<p>f\/&nbsp; p\u0142aci\u0107 regularnie sk\u0142adki cz\u0142onkowskie<\/p>\n<p><strong>\u00a7 11.<\/strong><\/p>\n<p>a\/ cz\u0142onk\u00f3w przyjmuje na zasadzie pisemnego i osobistego zg\u0142oszenia &#8211; Zarz\u0105d Stowarzyszenia<\/p>\n<p>po podj\u0119ciu uchwa\u0142y<\/p>\n<p>b\/&nbsp; cz\u0142onkiem honorowym Klubu mo\u017ce zosta\u0107 osoba dzia\u0142aj\u0105ca na rzecz trze\u017awo\u015bci i<\/p>\n<p>nie nadu\u017cywaj\u0105ca alkoholu<\/p>\n<p>c\/ nadanie godno\u015bci cz\u0142onka honorowego nast\u0119puje na podstawie uchwa\u0142y walnego zebrania<\/p>\n<p><strong>\u00a7 12.<\/strong><\/p>\n<p>a\/ cz\u0142onkiem Stowarzyszenia mo\u017cna zosta\u0107 po 12 miesi\u0119cznym okresie pr\u00f3bnym <span style=\"color: initial;\">sk\u0142adaj\u0105c o\u015bwiadczenie. W okresie pr\u00f3bnym kandydat bierze czynny udzia\u0142 w dzia\u0142alno\u015bci klubu, z tym, \u017ce nie posiada praw wyborczych i nie op\u0142aca sk\u0142adek cz\u0142onkowskich.&nbsp;<\/span><\/p>\n<p>b\/ cz\u0142onek, kt\u00f3ry zosta\u0142 wykluczony ze Stowarzyszenia, mo\u017ce ponownie z\u0142o\u017cy\u0107 deklaracj\u0119<\/p>\n<p>o przynale\u017cno\u015b\u0107 po 6 miesi\u0119cznym okresie karencji<\/p>\n<p>c\/ wyst\u0119puj\u0105cy lub wykluczony cz\u0142onek winien ui\u015bci\u0107 wszystkie zaci\u0105gni\u0119te zobowi\u0105zania<\/p>\n<p>finansowe i uregulowa\u0107 zaleg\u0142e sk\u0142adki<\/p>\n<p><strong>\u00a7 13 . Nagrody<\/strong><\/p>\n<p>Za aktywn\u0105 dzia\u0142alno\u015b\u0107 oraz inne osi\u0105gni\u0119cia Zarz\u0105d Stowarzyszenia z inicjatywy w\u0142asnej<\/p>\n<p>lub cz\u0142onk\u00f3w mo\u017ce przyzna\u0107 wyr\u00f3\u017cnienia i nagrody:<\/p>\n<p>a\/&nbsp; pochwa\u0142y ustne na posiedzeniu Zarz\u0105du lub Walnym zebraniu<\/p>\n<p>b\/ pochwa\u0142y pisemne, dyplomy uznania<\/p>\n<p>c\/ nagrody rzeczowe, odznaczenia pami\u0105tkowe<\/p>\n<p><strong>\u00a7 14 .&nbsp; Kary<\/strong><\/p>\n<p>Za przekroczenie przepis\u00f3w statutu lub postanowie\u0144 w\u0142adz Stowarzyszenia, za nie p\u0142acenie sk\u0142adek<\/p>\n<p>cz\u0142onkowskich d\u0142u\u017cej ni\u017c trzy miesi\u0105ce i za brak dyscypliny oraz za z\u0142amanie abstynencji na cz\u0142onka<\/p>\n<p>Stowarzyszenia mog\u0105 by\u0107 na\u0142o\u017cone nast\u0119puj\u0105ce kary :<\/p>\n<p>a\/ pouczenie<\/p>\n<p>b\/ upomnienie<\/p>\n<p>c\/ zawieszenie w prawach cz\u0142onka na okres trzech miesi\u0119cy<\/p>\n<p>d\/ wykluczenie ze Stowarzyszenia<\/p>\n<p>Uchwa\u0142a odpowiednich w\u0142adz Stowarzyszenia wymierzaj\u0105ca cz\u0142onkowi kar\u0119 powinna zapada\u0107<\/p>\n<p>po udzieleniu mu mo\u017cno\u015bci z\u0142o\u017cenia wyja\u015bnie\u0144. Ukaranemu przys\u0142uguje prawo do odwo\u0142ania<\/p>\n<p>si\u0119 do Zarz\u0105du lub Walnego zebrania. <!--nextpage--><\/p>\n<p><strong>\u00a7 15.&nbsp;&nbsp; Ustanowienie sk\u0142adek cz\u0142onkowskich<\/strong><\/p>\n<p>Wysoko\u015b\u0107 sk\u0142adek cz\u0142onkowskich ustala Walne zebranie cz\u0142onk\u00f3w. Sk\u0142adki winny by\u0107<\/p>\n<p>uiszczane na bie\u017c\u0105co do ostatniego dnia danego miesi\u0105ca.<\/p>\n<h3><span style=\"text-decoration: underline;\">IV.&nbsp;&nbsp;&nbsp; W\u0142adze Stowarzyszenia<\/span><\/h3>\n<p><strong>\u00a7 16. &nbsp;&nbsp;<\/strong> <strong>W\u0142adzami Stowarzyszenia s\u0105 :<\/strong><\/p>\n<p>a\/ Walne zebranie Cz\u0142onk\u00f3w Stowarzyszenia<\/p>\n<p>b\/ Zarz\u0105d Stowarzyszenia<\/p>\n<p>c\/ Komisja Rewizyjna<\/p>\n<p><strong>\u00a7 17.&nbsp;&nbsp;<\/strong> <strong>Walne zebranie Cz\u0142onk\u00f3w jest najwy\u017csz\u0105 w\u0142adz\u0105 Stowarzyszenia<\/strong><\/p>\n<p>a\/ Walne zebranie wybiera na okres czterech lat :<\/p>\n<p>&#8211;&nbsp; Prezesa Zarz\u0105du oraz 4 cz\u0142onk\u00f3w Zarz\u0105du Stowarzyszenia<\/p>\n<p>&#8211;&nbsp; Komisj\u0119 Rewizyjn\u0105 w liczbie 3 cz\u0142onk\u00f3w<\/p>\n<p>b\/&nbsp; Do kompetencji Walnego Zebrania nale\u017cy :<\/p>\n<p>&#8211; uchwalanie g\u0142\u00f3wnych kierunk\u00f3w dzia\u0142alno\u015bci i plan\u00f3w bud\u017cetowych<\/p>\n<p>&#8211; rozpatrywanie i przyjmowanie sprawozda\u0144 z dzia\u0142alno\u015bci Zarz\u0105du i Komisji Rewizyjnej<\/p>\n<p>&#8211; udzielanie absolutorium ust\u0119puj\u0105cemu Zarz\u0105dowi na wniosek Komisji Rewizyjnej<\/p>\n<p>&#8211; ustanawianie wysoko\u015bci sk\u0142adek cz\u0142onkowskich&nbsp; \/ \u00a7 15 \/<\/p>\n<p>&#8211; podejmowanie uchwa\u0142 o zmianie Statutu Stowarzyszeni<\/p>\n<p>c\/&nbsp; Walne Zebranie mo\u017ce by\u0107 zwyczajne i nadzwyczajne<\/p>\n<p>d\/ Zwyczajne Walne Zebranie cz\u0142onk\u00f3w odbywa si\u0119 przynajmniej raz w roku, nie<\/p>\n<p>p\u00f3\u017aniej ni\u017c do ko\u0144ca I kwarta\u0142u bie\u017c\u0105cego roku. Zebranie zwo\u0142uje Zarz\u0105d,<\/p>\n<p>a je\u017celi tego nie uczyni w terminie o kt\u00f3rym wy\u017cej mowa, zebranie mo\u017ce zwo\u0142ywa\u0107<\/p>\n<p>Komisja Rewizyjna lub co najmniej 1\/4 og\u00f3\u0142u cz\u0142onk\u00f3w<\/p>\n<p>e\/&nbsp; Zwo\u0142anie nadzwyczajnego Walnego zebrania na wniosek Komisji Rewizyjnej<\/p>\n<p>lub 1\/5 cz\u0142onk\u00f3w Stowarzyszenia winno nast\u0105pi\u0107 nie p\u00f3\u017aniej ni\u017c w ci\u0105gu 28 dni od<\/p>\n<p>daty wp\u0142yni\u0119cia wniosku do Zarz\u0105du<\/p>\n<p>Nadzwyczajne Walne Zebranie obraduje nad sprawami dla kt\u00f3rych zosta\u0142o zwo\u0142ane<\/p>\n<p>f\/&nbsp; Zawiadomienie o Walnym Zebraniu rozsy\u0142a si\u0119 najp\u00f3\u017aniej na 14 dni przed dat\u0105<\/p>\n<p>zebrania, w zawiadomieniu podaje si\u0119 porz\u0105dek obrad<\/p>\n<p>g\/&nbsp; Walne zebranie wybiera przewodnicz\u0105cego, sekretarza oraz cz\u0142onk\u00f3w prezydium<\/p>\n<p>h\/&nbsp; Uchwa\u0142y Walnego zebrania zapadaj\u0105 wi\u0119kszo\u015bci\u0105 g\u0142os\u00f3w i s\u0105 warunkiem obecno\u015bci co<\/p>\n<p>najmniej po\u0142owy cz\u0142onk\u00f3w. W przypadku nie przybycia na Walne zebranie po\u0142owy cz\u0142onk\u00f3w<\/p>\n<p>Stowarzyszenia, wyznacza si\u0119 nowy termin po up\u0142ywie 30 minut. Uchwa\u0142y jakie zapadaj\u0105<\/p>\n<p>na Walnym zebraniu w drugim terminie maj\u0105 moc bez wzgl\u0119du na ilo\u015b\u0107 cz\u0142onk\u00f3w obecnych.<\/p>\n<p>G\u0142osowanie jest jawne, lecz na \u017c\u0105danie jednego spo\u015br\u00f3d cz\u0142onk\u00f3w &#8211; tajne. <!--nextpage--><\/p>\n<p><strong>\u00a7 18.<\/strong><\/p>\n<p>Zarz\u0105d jest najwy\u017csz\u0105 w\u0142adz\u0105 Stowarzyszenia w okresie mi\u0119dzy Walnymi Zebraniami<\/p>\n<p>cz\u0142onk\u00f3w.<\/p>\n<p>1\/ Zarz\u0105d Stowarzyszenia sk\u0142ada si\u0119 z 5 cz\u0142onk\u00f3w, wybranych przez Walne zebranie<\/p>\n<p>2\/ Kadencja Zarz\u0105du trwa cztery lata<\/p>\n<p>3\/ Zarz\u0105d wybiera ze swojego grona na ca\u0142y okres kadencji Sekretarza oraz Skarbnika<\/p>\n<p>4\/ Do kompetencji Zarz\u0105du nale\u017cy :<\/p>\n<p>a\/ reprezentowanie Stowarzyszenia na zewn\u0105trz. O\u015bwiadczenie woli w imieniu<\/p>\n<p>Stowarzyszenia sk\u0142adaj\u0105 :<\/p>\n<p>&#8211;&nbsp; jednoosobowo Prezes Zarz\u0105du<\/p>\n<p>&#8211; \u0142\u0105cznie Sekretarz i Skarbnik<\/p>\n<p>b\/ kierowanie ca\u0142okszta\u0142tem dzia\u0142alno\u015bci Stowarzyszenia<\/p>\n<p>c\/ uchwalanie rocznych bud\u017cet\u00f3w i plan\u00f3w oraz zatwierdzenie rocznych<\/p>\n<p>sprawozda\u0144 z wykonania plan\u00f3w i bilans\u00f3w<\/p>\n<p>d\/ podejmowanie uchwa\u0142 w podmiocie przyjmowania nowych cz\u0142onk\u00f3w<\/p>\n<p>e\/ podejmowanie uchwa\u0142 w przedmiocie nabywania i zbywania maj\u0105tku ruchomego<\/p>\n<p>Stowarzyszenia, z tym, \u017ce uchwa\u0142y te podlegaj\u0105 akceptacji najbli\u017cszego<\/p>\n<p>Walnego zebrania<\/p>\n<p>f\/ przyjmowanie zapis\u00f3w i darowizn<\/p>\n<p>g\/ podejmowanie uchwa\u0142 co do wydatk\u00f3w nadzwyczajnych i nieprzewidzianych w<\/p>\n<p>bud\u017cecie Stowarzyszenia<\/p>\n<p>h\/ powo\u0142ywanie w razie potrzeby zespo\u0142u cz\u0142onk\u00f3w Stowarzyszenia do wykonania<\/p>\n<p>okre\u015blonych zada\u0144 statutowych<\/p>\n<p>i\/ zwo\u0142ywanie raz w roku Walnych zebra\u0144 sprawozdawczych<\/p>\n<p>5\/ Posiedzenie Zarz\u0105du powinno by\u0107 protoko\u0142owane i odbywa\u0107 si\u0119 przynajmniej raz w miesi\u0105cu<\/p>\n<p>w sta\u0142ych terminach.<\/p>\n<p>Je\u017celi zmiennych, to zawiadomienie o terminie posiedzenia Zarz\u0105du powinno by\u0107 rozes\u0142ane<\/p>\n<p>co najmniej na tydzie\u0144 przed posiedzeniem.<\/p>\n<p>Posiedzenie zwo\u0142uje Prezes Zarz\u0105du<\/p>\n<p><strong>\u00a7 19.&nbsp;&nbsp;&nbsp; Komisja Rewizyjna<\/strong><\/p>\n<p>Sk\u0142ada si\u0119 z trzech cz\u0142onk\u00f3w, wybranych prze Walne zebranie na okres czterech lat.<\/p>\n<p>Komisja wybiera spo\u015br\u00f3d siebie przewodnicz\u0105cego, jego zast\u0119pce i sekretarza.<\/p>\n<p>1. Do kompetencji Komisji Rewizyjnej nale\u017cy :<\/p>\n<p>a\/ kontrolowanie wykonania bud\u017cetu Stowarzyszenia, prawid\u0142owo\u015bci i celowo\u015bci<\/p>\n<p>wydatkowania fundusz\u00f3w i wykorzystania maj\u0105tku Stowarzyszenia oraz systemu<\/p>\n<p>ksi\u0119gowania i sprawozdawczo\u015bci. Sprawozdania z rewizji z odpowiednimi wnioskami sk\u0142ada<\/p>\n<p>Komisja na Walnym zebraniu<\/p>\n<p>b\/ badanie przynajmniej raz w roku ca\u0142o\u015bci gospodarki Stowarzyszenia<\/p>\n<p>2.&nbsp; Cz\u0142onkowie Komisji maj\u0105 prawo uczestniczy\u0107 z g\u0142osem doradczym w posiedzeniach<\/p>\n<p>w\u0142adz Stowarzyszenia <!--nextpage--><\/p>\n<p>3.&nbsp; W razie stwierdzenia w zarz\u0105dzaniu maj\u0105tkiem Stowarzyszenia niezgodno\u015bci ze<\/p>\n<p>Statutem lub przepisami prawa, Komisja mo\u017ce za\u017c\u0105da\u0107 zwo\u0142ania Nadzwyczajnego<\/p>\n<p>Walnego Zebrania<\/p>\n<p>4. Komisja wykonuje zadania okre\u015blone uchwa\u0142ami Zebrania<\/p>\n<p>5. Cz\u0142onkowie Komisji Rewizyjnej nie mog\u0105 by\u0107 cz\u0142onkami Zarz\u0105du Stowarzyszenia,<\/p>\n<p>ani zostawa\u0107 z nimi w stosunku pokrewie\u0144stwa, powinowactwa lub podleg\u0142o\u015bci z<\/p>\n<p>tytu\u0142u zatrudnienia<\/p>\n<p>6. Cz\u0142onkami Komisji Rewizyjnej nie mog\u0105 by\u0107 skazani prawomocnym wyrokiem<\/p>\n<p>za przest\u0119pstwo z winy umy\u015blnej<\/p>\n<p>7. Cz\u0142onkowie Komisji Rewizyjnej mog\u0105 otrzymywa\u0107 z tytu\u0142u pe\u0142nienia funkcji w takim<\/p>\n<p>organie zwrot uzasadnionych koszt\u00f3w lub wynagrodzenie w wysoko\u015bci nie wy\u017cszej<\/p>\n<p>okre\u015blone w art. 8 pkt. 8 Ustawy &#8211; o wynagrodzeniu os\u00f3b kieruj\u0105cych niekt\u00f3rymi<\/p>\n<p>podmiotami prawnymi.<\/p>\n<p><strong>\u00a7 20.&nbsp; <\/strong><\/p>\n<p>Cz\u0142onek piastuj\u0105cy funkcj\u0119 z wyboru w&nbsp; jakiejkolwiek w\u0142adzy Stowarzyszenia traci j\u0105 ,<\/p>\n<p>o ile opu\u015bci trzy kolejne posiedzenia. Zarz\u0105d Stowarzyszenia w jego miejsce powo\u0142uje<\/p>\n<p>do pe\u0142nienia tej funkcji na czas do ko\u0144ca kadencji Zarz\u0105du , jednego z cz\u0142onk\u00f3w<\/p>\n<p>Stowarzyszenia. Do uzupe\u0142nienia sk\u0142adu mo\u017cna dokooptowa\u0107 nie wi\u0119cej ni\u017c 1\/3<\/p>\n<p>sk\u0142adu Zarz\u0105du.<\/p>\n<p><strong>\u00a7 21.&nbsp; Maj\u0105tek Stowarzyszenia i Zarz\u0105d nad tym maj\u0105tkiem<\/strong><\/p>\n<p>1.&nbsp; Fundusze Stowarzyszenia tworz\u0105 si\u0119 :<\/p>\n<p>a\/&nbsp; ze sk\u0142adek cz\u0142onkowskich<\/p>\n<p>b\/ z dzia\u0142alno\u015bci statutowej &#8211; wp\u0142ywy<\/p>\n<p>c\/&nbsp; z darowizn, dotacji i zapis\u00f3w<\/p>\n<p>2. Fundusze s\u0142u\u017c\u0105 do prowadzenia dzia\u0142alno\u015bci Stowarzyszenia<\/p>\n<p>a\/ w\u0142a\u015bcicielem ca\u0142ego maj\u0105tku ruchomego i ewentualnie nieruchomego jest<\/p>\n<p>Stowarzyszenie jako osoba prawna<\/p>\n<p>b\/ wszelkie dokumenty dotycz\u0105ce rozporz\u0105dzania maj\u0105tkiem Stowarzyszenia oraz<\/p>\n<p>pe\u0142nomocnictwa w tym zakresie s\u0105 podpisywane przez Zarz\u0105d, w osobach Prezesa Zarz\u0105du<\/p>\n<p>lub Sekretarza i Skarbnika<\/p>\n<p>c\/ do wa\u017cno\u015bci pism i dokument\u00f3w wymagane s\u0105 podpisy :&nbsp; Prezesa<\/p>\n<p>lub Sekretarza i Skarbnika<\/p>\n<p><strong>\u00a7 22.&nbsp; <\/strong><\/p>\n<p>Rokiem bud\u017cetowym i administracyjnym jest rok kalendarzowy.<\/p>\n<p>Rachunkowo\u015b\u0107 prowadzi si\u0119 zgodnie z przepisami prawa i przyj\u0119tymi zwyczajami <!--nextpage--><\/p>\n<p><strong>\u00a7 23 .<\/strong><\/p>\n<p>1. Stowarzyszenie nie mo\u017ce udziela\u0107 po\u017cyczek lub zabezpiecza\u0107 zobowi\u0105za\u0144 maj\u0105tkiem<\/p>\n<p>Stowarzyszenia w stosunku do jego cz\u0142onk\u00f3w, cz\u0142onk\u00f3w organu Stowarzyszenia lub<\/p>\n<p>pracownik\u00f3w Stowarzyszenia oraz os\u00f3b, z kt\u00f3rymi pracownicy pozostaj\u0105 w zwi\u0105zku<\/p>\n<p>ma\u0142\u017ce\u0144skim albo w stosunku pokrewie\u0144stwa lub powinowactwa w linii prostej,<\/p>\n<p>pokrewie\u0144stwa lub powinowactwa w linii bocznej do drugiego stopnia albo s\u0105 zwi\u0105zani<\/p>\n<p>z tytu\u0142u przysposobienia, opieki lub kurateli, zwanych dalej osobami bliskimi.<\/p>\n<p>2.&nbsp;&nbsp; Stowarzyszenie nie mo\u017ce przekazywa\u0107 maj\u0105tku na rzecz cz\u0142onk\u00f3w Stowarzyszenia,<\/p>\n<p>cz\u0142onk\u00f3w organ\u00f3w Stowarzyszenia lub pracownik\u00f3w Stowarzyszenia oraz ich os\u00f3b<\/p>\n<p>bliskich, na zasadach innych ni\u017c w stosunku do os\u00f3b trzecich, szczeg\u00f3lno\u015bci je\u017celi<\/p>\n<p>przekazywanie to nast\u0119puje bezp\u0142atnie lub na preferencyjnych warunkach.<\/p>\n<p>3. Stowarzyszenie nie mo\u017ce wykorzystywa\u0107 maj\u0105tku na rzecz cz\u0142onk\u00f3w Stowarzyszenia,<\/p>\n<p>cz\u0142onk\u00f3w organ\u00f3w Stowarzyszenia lub pracownik\u00f3w Stowarzyszenia oraz ich os\u00f3b<\/p>\n<p>bliskich na zasadach innych ni\u017c w stosunku do os\u00f3b trzecich, chyba \u017ce, to wykorzystanie<\/p>\n<p>bezpo\u015brednio wynika ze statutowego celu Stowarzyszenia.<\/p>\n<p>4. Stowarzyszenie nie mo\u017ce dokonywa\u0107 zakupu na szczeg\u00f3lnych zasadach towar\u00f3w lub<\/p>\n<p>us\u0142ug od podmiot\u00f3w, w kt\u00f3rych uczestnicz\u0105 cz\u0142onkowie Stowarzyszenia, cz\u0142onkowie<\/p>\n<p>organ\u00f3w Stowarzyszenia lub pracownicy Stowarzyszenia oraz ich os\u00f3b bliskich.<\/p>\n<h3><span style=\"text-decoration: underline;\"><strong>V . Zmiana Statutu i rozwi\u0105zanie Stowarzyszenia<\/strong><\/span><\/h3>\n<p><strong>\u00a7 24 .<\/strong><\/p>\n<p>Walne zebranie mo\u017ce wi\u0119kszo\u015bci\u0105 2\/3 g\u0142os\u00f3w podj\u0105\u0107 uchwa\u0142\u0119 o zmianie Statutu<\/p>\n<p>i rozwi\u0105zaniu Stowarzyszenia. Uchwa\u0142a o rozwi\u0105zaniu Stowarzyszenia powinna<\/p>\n<p>okre\u015bla\u0107 tryb likwidacji Stowarzyszenia oraz przeznaczenie maj\u0105tku na rzecz osoby<\/p>\n<p>prawnej, zbli\u017conej pod wzgl\u0119dem oddzia\u0142ywania do Stowarzyszenia, zgodnie z<\/p>\n<p>istniej\u0105cymi w tym zakresie przepisami.<\/p>\n<p>&nbsp;<\/p>\n<p>&nbsp;<\/p>\n<p>&nbsp;<\/p>\n<p>&nbsp;<\/p>\n<p>&nbsp;<\/p>\n<p>&nbsp;<\/p>\n<p>&nbsp;<\/p>\n","protected":false},"excerpt":{"rendered":"<p>STATUT Stowarzyszenia Klubu Abstynenta&nbsp; &#8221; KROKUS &#8222; &nbsp; I.&nbsp; Nazwa, siedziba i teren dzia\u0142alno\u015bci. \u00a7 1. Stowarzyszenie nosi nazw\u0119 Klub Abstynenta &#8221; KROKUS &#8221; zwane dalej Stowarzyszeniem i jest zarejestrowane oraz posiada osobowo\u015b\u0107 prawn\u0105. \u00a7 2. Siedzib\u0105 Stowarzyszenia jest miasto Cz\u0142uch\u00f3w ul. Szkolna 1 A \u00a7 3. Terenem dzia\u0142ania jest miasto i gmina Cz\u0142uch\u00f3w. Stowarzyszenie [&hellip;]<\/p>\n","protected":false},"author":1,"featured_media":0,"parent":0,"menu_order":0,"comment_status":"open","ping_status":"closed","template":"","meta":{"ngg_post_thumbnail":0},"_links":{"self":[{"href":"https:\/\/krokusczluchow.pl\/index.php?rest_route=\/wp\/v2\/pages\/13"}],"collection":[{"href":"https:\/\/krokusczluchow.pl\/index.php?rest_route=\/wp\/v2\/pages"}],"about":[{"href":"https:\/\/krokusczluchow.pl\/index.php?rest_route=\/wp\/v2\/types\/page"}],"author":[{"embeddable":true,"href":"https:\/\/krokusczluchow.pl\/index.php?rest_route=\/wp\/v2\/users\/1"}],"replies":[{"embeddable":true,"href":"https:\/\/krokusczluchow.pl\/index.php?rest_route=%2Fwp%2Fv2%2Fcomments&post=13"}],"version-history":[{"count":38,"href":"https:\/\/krokusczluchow.pl\/index.php?rest_route=\/wp\/v2\/pages\/13\/revisions"}],"predecessor-version":[{"id":9393,"href":"https:\/\/krokusczluchow.pl\/index.php?rest_route=\/wp\/v2\/pages\/13\/revisions\/9393"}],"wp:attachment":[{"href":"https:\/\/krokusczluchow.pl\/index.php?rest_route=%2Fwp%2Fv2%2Fmedia&parent=13"}],"curies":[{"name":"wp","href":"https:\/\/api.w.org\/{rel}","templated":true}]}}