{"id":1326,"date":"2015-01-06T10:18:53","date_gmt":"2015-01-06T09:18:53","guid":{"rendered":"http:\/\/krokusczluchow.pl\/?page_id=1326"},"modified":"2024-01-18T17:54:47","modified_gmt":"2024-01-18T16:54:47","slug":"informacje-klubowe","status":"publish","type":"page","link":"https:\/\/krokusczluchow.pl\/?page_id=1326","title":{"rendered":"Informacje Stowarzyszenia Klub Abstynenta &#8222;KROKUS&#8221;"},"content":{"rendered":"<p>&nbsp;<\/p>\n<h2><strong>W pierwszy czwartek miesi\u0105ca organizowane s\u0105 spotkania integracyjne cz\u0142onk\u00f3w Stowarzyszenia Klub Abstynenta &#8222;KROKUS&#8221; i ich rodzin. Spotkania organizowane s\u0105 w siedzibie klubu od godz.17.00<\/strong><\/h2>\n<h4>&nbsp;<\/h4>\n<h2><strong>W ka\u017cd\u0105 pierwsz\u0105 sobot\u0119 miesi\u0105ca w Klubie Abstynenta &#8222;KROKUS&#8221; <\/strong><strong>odbywa si\u0119 zebranie zarz\u0105du Stowarzyszenia o godzinie 17.00.<\/strong><\/h2>\n","protected":false},"excerpt":{"rendered":"<p>&nbsp; W pierwszy czwartek miesi\u0105ca organizowane s\u0105 spotkania integracyjne cz\u0142onk\u00f3w Stowarzyszenia Klub Abstynenta &#8222;KROKUS&#8221; i ich rodzin. Spotkania organizowane s\u0105 w siedzibie klubu od godz.17.00 &nbsp; W ka\u017cd\u0105 pierwsz\u0105 sobot\u0119 miesi\u0105ca w Klubie Abstynenta &#8222;KROKUS&#8221; odbywa si\u0119 zebranie zarz\u0105du Stowarzyszenia o godzinie 17.00.<\/p>\n","protected":false},"author":2,"featured_media":0,"parent":0,"menu_order":0,"comment_status":"open","ping_status":"open","template":"","meta":{"ngg_post_thumbnail":0},"_links":{"self":[{"href":"https:\/\/krokusczluchow.pl\/index.php?rest_route=\/wp\/v2\/pages\/1326"}],"collection":[{"href":"https:\/\/krokusczluchow.pl\/index.php?rest_route=\/wp\/v2\/pages"}],"about":[{"href":"https:\/\/krokusczluchow.pl\/index.php?rest_route=\/wp\/v2\/types\/page"}],"author":[{"embeddable":true,"href":"https:\/\/krokusczluchow.pl\/index.php?rest_route=\/wp\/v2\/users\/2"}],"replies":[{"embeddable":true,"href":"https:\/\/krokusczluchow.pl\/index.php?rest_route=%2Fwp%2Fv2%2Fcomments&post=1326"}],"version-history":[{"count":38,"href":"https:\/\/krokusczluchow.pl\/index.php?rest_route=\/wp\/v2\/pages\/1326\/revisions"}],"predecessor-version":[{"id":8754,"href":"https:\/\/krokusczluchow.pl\/index.php?rest_route=\/wp\/v2\/pages\/1326\/revisions\/8754"}],"wp:attachment":[{"href":"https:\/\/krokusczluchow.pl\/index.php?rest_route=%2Fwp%2Fv2%2Fmedia&parent=1326"}],"curies":[{"name":"wp","href":"https:\/\/api.w.org\/{rel}","templated":true}]}}