{"id":1353,"date":"2015-01-08T21:21:23","date_gmt":"2015-01-08T20:21:23","guid":{"rendered":"http:\/\/krokusczluchow.pl\/?page_id=1353"},"modified":"2026-03-20T16:20:49","modified_gmt":"2026-03-20T15:20:49","slug":"imprezy","status":"publish","type":"page","link":"https:\/\/krokusczluchow.pl\/?page_id=1353","title":{"rendered":"Program dzia\u0142alno\u015bci Stowarzyszenia Klub Abstynenta &#8222;Krokus&#8221;"},"content":{"rendered":"\n<p>                                                <\/p>\n\n\n<h2>Program dzia\u0142alno\u015bci Stowarzyszenia Klub Abstynenta &#8222;Krokus&#8221; na 2026 rok<\/h2>\n<h3><strong>&#8211; Bal bezalkoholowy<\/strong><\/h3>\n<h3><strong>&#8211; Walentynki klubowe<\/strong><\/h3>\n<h3><strong>&#8211;<\/strong><strong>&nbsp;Dzie\u0144 Kobiet i M\u0119\u017cczyzn<\/strong><\/h3>\n<h3><strong>&#8211; Og\u00f3lnopolski Dzie\u0144 Trze\u017awo\u015bci<\/strong><\/h3>\n<h3><strong>&#8211; \u015awi\u0119to Konstytucji<\/strong><\/h3>\n<h3><strong>&#8211; Festyn na Osiedlu M\u0142odych z okazji Dnia Dziecka<\/strong><\/h3>\n<h3><strong>&#8211; Og\u00f3lnopolski Zlot Trze\u017awo\u015bci we W\u0142adys\u0142awowie<\/strong><\/h3>\n<h3><strong>&#8211; Sp\u0142yw kajakowy wraz z biwakiem nad rzek\u0105 Brd\u0105<\/strong><\/h3>\n<h3><strong>&#8211; Spotkanie kierowc\u00f3w&nbsp; &nbsp; &nbsp;<\/strong> &nbsp; &nbsp; &nbsp; &nbsp; &nbsp;<\/h3>\n<h3><strong>&#8211; Gril klubowy &#8222;pieczony ziemniak&#8221;<\/strong><\/h3>\n<h3><strong>&#8211; Narodowe \u015awi\u0119to Niepodleg\u0142o\u015bci<\/strong><\/h3>\n<h3><strong>&#8211; Spotkanie Andrzejkowe<\/strong><\/h3>\n<h3><strong>&#8211; Miko\u0142ajki dla dzieci na rynku miasta<\/strong><\/h3>\n<h3><strong>&#8211; Spotkanie rocznicowe Stowarzyszenia<\/strong><\/h3>\n<h3><strong>&#8211; Spotkania, prelekcje, wyk\u0142ady nt. zdrowotne, profilaktyczne, zagro\u017ce\u0144 wsp\u00f3\u0142czesnego <\/strong><\/h3>\n<h3><strong>&nbsp; &nbsp;\u017cycia itp.<\/strong>&nbsp;<span style=\"color: #008000;\"><em><strong>&nbsp; &nbsp; &nbsp; &nbsp; &nbsp; &nbsp; &nbsp;&nbsp; <br><\/strong><\/em><\/span><\/h3>\n<h2>&nbsp;&nbsp;&nbsp;&nbsp;&nbsp;&nbsp; &nbsp; &nbsp; &nbsp; &nbsp; &nbsp; &nbsp;&nbsp; &nbsp;&nbsp; <span style=\"color: #003300;\"><em><strong>Zapraszamy do wzi\u0119cia udzia\u0142u w<\/strong><\/em><\/span><\/h2>\n<h2><em><strong><span style=\"color: #ff0000;\">&nbsp;&nbsp;&nbsp;&nbsp;&nbsp;&nbsp;&nbsp;&nbsp;&nbsp;&nbsp;&nbsp;&nbsp;&nbsp;&nbsp;&nbsp;&nbsp;&nbsp;&nbsp;&nbsp;&nbsp;&nbsp;&nbsp;&nbsp; <\/span><\/strong><\/em>&nbsp;&nbsp;&nbsp;&nbsp;&nbsp; <span style=\"color: #003300;\"><em><strong>organizowanych imprezach<\/strong><\/em><\/span><\/h2>\n<h2>&nbsp;<\/h2>\n\n\n<h2 class=\"wp-block-heading\">   <\/h2>\n","protected":false},"excerpt":{"rendered":"<p>Program dzia\u0142alno\u015bci Stowarzyszenia Klub Abstynenta &#8222;Krokus&#8221; na 2026 rok &#8211; Bal bezalkoholowy &#8211; Walentynki klubowe &#8211;&nbsp;Dzie\u0144 Kobiet i M\u0119\u017cczyzn &#8211; Og\u00f3lnopolski Dzie\u0144 Trze\u017awo\u015bci &#8211; \u015awi\u0119to Konstytucji &#8211; Festyn na Osiedlu M\u0142odych z okazji Dnia Dziecka &#8211; Og\u00f3lnopolski Zlot Trze\u017awo\u015bci we W\u0142adys\u0142awowie &#8211; Sp\u0142yw kajakowy wraz z biwakiem nad rzek\u0105 Brd\u0105 &#8211; Spotkanie kierowc\u00f3w&nbsp; &nbsp; &nbsp; [&hellip;]<\/p>\n","protected":false},"author":2,"featured_media":0,"parent":0,"menu_order":-1,"comment_status":"open","ping_status":"closed","template":"","meta":{"ngg_post_thumbnail":0},"_links":{"self":[{"href":"https:\/\/krokusczluchow.pl\/index.php?rest_route=\/wp\/v2\/pages\/1353"}],"collection":[{"href":"https:\/\/krokusczluchow.pl\/index.php?rest_route=\/wp\/v2\/pages"}],"about":[{"href":"https:\/\/krokusczluchow.pl\/index.php?rest_route=\/wp\/v2\/types\/page"}],"author":[{"embeddable":true,"href":"https:\/\/krokusczluchow.pl\/index.php?rest_route=\/wp\/v2\/users\/2"}],"replies":[{"embeddable":true,"href":"https:\/\/krokusczluchow.pl\/index.php?rest_route=%2Fwp%2Fv2%2Fcomments&post=1353"}],"version-history":[{"count":43,"href":"https:\/\/krokusczluchow.pl\/index.php?rest_route=\/wp\/v2\/pages\/1353\/revisions"}],"predecessor-version":[{"id":9716,"href":"https:\/\/krokusczluchow.pl\/index.php?rest_route=\/wp\/v2\/pages\/1353\/revisions\/9716"}],"wp:attachment":[{"href":"https:\/\/krokusczluchow.pl\/index.php?rest_route=%2Fwp%2Fv2%2Fmedia&parent=1353"}],"curies":[{"name":"wp","href":"https:\/\/api.w.org\/{rel}","templated":true}]}}