{"id":17,"date":"2014-06-30T09:17:10","date_gmt":"2014-06-30T07:17:10","guid":{"rendered":"http:\/\/localhost\/krokus\/?page_id=17"},"modified":"2025-05-09T10:15:01","modified_gmt":"2025-05-09T08:15:01","slug":"wiadomosci-aa","status":"publish","type":"page","link":"https:\/\/krokusczluchow.pl\/?page_id=17","title":{"rendered":"Wiadomo\u015bci grupy AA"},"content":{"rendered":"<h2><span style=\"text-decoration: underline;\"><em><span style=\"color: #000000;\">Grupa wsparcia AA &#8222;Stadion&#8221;<strong><br \/>\n<\/strong><\/span><\/em><\/span><\/h2>\n<h2><strong>Grupa wsparcia Anonimowych Alkoholik\u00f3w &#8222;Stadion&#8221; zaprasza na mitingi w ka\u017cdy pi\u0105tek od godz. 18,00 do godz. 19,30.<\/strong><\/h2>\n<h2><strong>Spotkania odbywaj\u0105 si\u0119 w siedzibie Klubu Abstynenta &#8222;KROKUS&#8221; mieszcz\u0105cego si\u0119 przy ulicy Szkolnej 1A w Cz\u0142uchowie.<\/strong><\/h2>\n<h2><strong>W&nbsp; ka\u017cdy pierwszy pi\u0105tek miesi\u0105ca odbywaj\u0105 si\u0119 mitingi otwarte na kt\u00f3ry&nbsp;serdecznie zapraszamy.<\/strong><\/h2>\n<h2><span style=\"text-decoration: underline;\">&nbsp;<em>Godziny otwarcia Klubu Abstynenta &#8222;KROKUS&#8221; <\/em><\/span><\/h2>\n<h2><strong>Od \u015brody do soboty klub jest otwarty od godz. 16,30 do godziny 19,30. Wszystkich zainteresowanych i potrzebuj\u0105cych wsparcia&nbsp; ZAPRASZAMY.<\/strong><\/h2>\n<h2><span style=\"text-decoration: underline;\"><em>Dni w 2025 roku w kt\u00f3rych Klub Abstynenta &#8222;KROKUS&#8221; b\u0119dzie nieczynny:<\/em><\/span><\/h2>\n<h2><strong><span style=\"color: #000080;\">01.05.2025&nbsp; &nbsp; &nbsp; &nbsp; &#8211; czwartek&nbsp; &nbsp; &#8211; \u015awi\u0119to 1 maja<\/span><\/strong><\/h2>\n<h2><strong><span style=\"color: #000080;\"><span style=\"color: #000000;\"><span style=\"color: #000080;\">03.05.2025&nbsp; &nbsp; &nbsp; &nbsp;&#8211; sobota&nbsp; &nbsp; &nbsp; &nbsp; &#8211; \u015awi\u0119to Konstytucji 3 maja<\/span><\/span><\/span><\/strong><\/h2>\n<h2><strong><span style=\"color: #000080;\">19.06.2025&nbsp; &nbsp; &nbsp; &nbsp; &#8211; czwartek&nbsp; &nbsp; &#8211; Bo\u017ce Cia\u0142o<\/span><\/strong><\/h2>\n<h2><strong><span style=\"color: #000000;\"><span style=\"color: #000080;\">15.08.2025&nbsp; &nbsp; &nbsp; &nbsp; &#8211; pi\u0105tek&nbsp; &nbsp; &nbsp; &nbsp; &nbsp;&#8211; \u015awi\u0119to NMP<\/span><\/span><\/strong><\/h2>\n<h2><strong><span style=\"color: #000080;\">01.11.2025&nbsp; &nbsp; &nbsp; &nbsp; &nbsp;&#8211; sobota&nbsp; &nbsp; &nbsp; &nbsp; &#8211; \u015awi\u0119to Wszystkich \u015awi\u0119tych<\/span><\/strong><\/h2>\n<h2><strong><span style=\"color: #000080;\">25.12.2025&nbsp; &nbsp; &nbsp; &nbsp; &#8211; czwartek&nbsp; &nbsp; &nbsp;&#8211; Bo\u017ce Narodzenie<\/span><\/strong><\/h2>\n<h2><strong><span style=\"color: #000080;\">26.12.2025&nbsp; &nbsp; &nbsp; &nbsp; &#8211; pi\u0105tek&nbsp; &nbsp; &nbsp; &nbsp; &nbsp;&#8211; Bo\u017ce Narodzenie<\/span><\/strong><strong><span style=\"color: #000000;\"><br \/>\n<\/span><\/strong><\/h2>\n<p>&nbsp;<\/p>\n","protected":false},"excerpt":{"rendered":"<p>Grupa wsparcia AA &#8222;Stadion&#8221; Grupa wsparcia Anonimowych Alkoholik\u00f3w &#8222;Stadion&#8221; zaprasza na mitingi w ka\u017cdy pi\u0105tek od godz. 18,00 do godz. 19,30. Spotkania odbywaj\u0105 si\u0119 w siedzibie Klubu Abstynenta &#8222;KROKUS&#8221; mieszcz\u0105cego si\u0119 przy ulicy Szkolnej 1A w Cz\u0142uchowie. W&nbsp; ka\u017cdy pierwszy pi\u0105tek miesi\u0105ca odbywaj\u0105 si\u0119 mitingi otwarte na kt\u00f3ry&nbsp;serdecznie zapraszamy. &nbsp;Godziny otwarcia Klubu Abstynenta &#8222;KROKUS&#8221; Od [&hellip;]<\/p>\n","protected":false},"author":1,"featured_media":0,"parent":0,"menu_order":0,"comment_status":"open","ping_status":"open","template":"","meta":{"ngg_post_thumbnail":0},"_links":{"self":[{"href":"https:\/\/krokusczluchow.pl\/index.php?rest_route=\/wp\/v2\/pages\/17"}],"collection":[{"href":"https:\/\/krokusczluchow.pl\/index.php?rest_route=\/wp\/v2\/pages"}],"about":[{"href":"https:\/\/krokusczluchow.pl\/index.php?rest_route=\/wp\/v2\/types\/page"}],"author":[{"embeddable":true,"href":"https:\/\/krokusczluchow.pl\/index.php?rest_route=\/wp\/v2\/users\/1"}],"replies":[{"embeddable":true,"href":"https:\/\/krokusczluchow.pl\/index.php?rest_route=%2Fwp%2Fv2%2Fcomments&post=17"}],"version-history":[{"count":23,"href":"https:\/\/krokusczluchow.pl\/index.php?rest_route=\/wp\/v2\/pages\/17\/revisions"}],"predecessor-version":[{"id":9391,"href":"https:\/\/krokusczluchow.pl\/index.php?rest_route=\/wp\/v2\/pages\/17\/revisions\/9391"}],"wp:attachment":[{"href":"https:\/\/krokusczluchow.pl\/index.php?rest_route=%2Fwp%2Fv2%2Fmedia&parent=17"}],"curies":[{"name":"wp","href":"https:\/\/api.w.org\/{rel}","templated":true}]}}