{"id":4394,"date":"2017-01-29T21:03:25","date_gmt":"2017-01-29T20:03:25","guid":{"rendered":"http:\/\/krokusczluchow.pl\/?page_id=4394"},"modified":"2018-06-02T21:58:03","modified_gmt":"2018-06-02T19:58:03","slug":"czym-jest-stowarzyszenie-klub-abstynenta","status":"publish","type":"page","link":"https:\/\/krokusczluchow.pl\/?page_id=4394","title":{"rendered":"Czym jest Stowarzyszenie, Klub Abstynenta"},"content":{"rendered":"<h3><em><strong>Czym jest Stowarzyszenie, Klub Abstynenta<\/strong><\/em><\/h3>\n<p>Mo\u017cna by na to pytanie odpowiedzie\u0107 jednym zdaniem &#8211; jest to miejsce, w kt\u00f3rym nast\u0119puje<\/p>\n<p>proces rehabilitacji, powrotu na \u0142ono rodziny, powrotu do spo\u0142ecze\u0144stwa. Tu znajdujemy<\/p>\n<p>mo\u017cliwo\u015b\u0107 rozwi\u0105zania swoich problem\u00f3w poprzez prac\u0119 nad sob\u0105. Po zaprzestaniu picia<\/p>\n<p>alkoholu powstaje pustka, pustka kt\u00f3r\u0105 nale\u017cy wype\u0142ni\u0107, bycie z lud\u017ami maj\u0105cymi podobne problemy<\/p>\n<p>daje poczucie bezpiecze\u0144stwa i szanse powrotu do \u017cycia w trze\u017awo\u015bci. To oczywi\u015bcie odpowied\u017a<\/p>\n<p>w ogromnym skr\u00f3cie. Do Stowarzyszenia, Klubu co roku trafia wiele os\u00f3b, kobiet i m\u0119\u017cczyzn,<\/p>\n<p>sympatyk\u00f3w tego ruchu, os\u00f3b uzale\u017cnionych i wsp\u00f3\u0142uzale\u017cnionych, po to by uzyska\u0107 pomoc i<\/p>\n<p>informacj\u0119 o problemie alkoholowym i sposobie jego rozwi\u0105zania. Alkoholizm wyra\u017ca si\u0119 w<\/p>\n<p>podobny spos\u00f3b u ka\u017cdego. To niepok\u00f3j, strach, k\u0142opoty finansowe i rodzinne, po pewnym czasie<\/p>\n<p>degradacja spo\u0142eczna w ko\u0144cu wykluczenie spo\u0142eczne zwi\u0105zane z rosn\u0105cym uzale\u017cnieniem.<\/p>\n<p>W Stowarzyszeniu, Klubie odbywaj\u0105 si\u0119 zaj\u0119cia grup samopomocowych, zapewniaj\u0105cych rozw\u00f3j<\/p>\n<p>osobisty. Zaj\u0119cia odbywaj\u0105 si\u0119 w warunkach zapewniaj\u0105cych dyskrecj\u0119 i poczucie bezpiecze\u0144stwa<\/p>\n<p>oparte o wzajemn\u0105 przyja\u017a\u0144 i zaufanie. Nikt si\u0119 tu z nikogo nie \u015bmieje i nie szydzi czy zniewa\u017ca,<\/p>\n<p>ludzie s\u0105 tu po to, by wspiera\u0107 siebie i innych w procesie do trze\u017awo\u015bci. W procesie trudnym<\/p>\n<p>lecz mo\u017cliwym do realizacji. Stowarzyszenie, Klub Abstynenta, jest to miejsce w kt\u00f3rym ca\u0142e rodziny<\/p>\n<p>ucz\u0105 si\u0119 nowego \u017cycia, \u017cycia na trze\u017awo, ucz\u0105 si\u0119 radzi\u0107 sobie w nowej sytuacji, po prostu bycia ze<\/p>\n<p>sob\u0105. Atmosfera panuj\u0105ca w Stowarzyszeniu, Klubie, stwarza poczucie bezpiecze\u0144stwa i<\/p>\n<p>sprzyja pracy nad sob\u0105. Jest to r\u00f3wnie\u017c miejsce spotka\u0144 towarzyskich, wsp\u00f3lnych zabaw<\/p>\n<p>na trze\u017awo, wyjazd\u00f3w integracyjnych, oboz\u00f3w, wycieczek, jest to miejsce gdzie odzyskuje si\u0119<\/p>\n<p>wiar\u0119 w siebie. Kiedy cz\u0142owiek pozb\u0119dzie si\u0119 problemu z alkoholem uzyska szanse by zdoby\u0107<\/p>\n<p>szacunek otoczenia, rodziny, poprawienia swoich warunk\u00f3w bytowych oraz poziomu \u017cycia,<\/p>\n<p>odzyska tak\u017ce godno\u015b\u0107 i zaufanie, kt\u00f3re jest tak bardzo wa\u017cne dla rozwoju osobistego<\/p>\n<p>cz\u0142owieka. Nale\u017cy r\u00f3wnie\u017c doda\u0107, \u017ce Stowarzyszenie, Klub Abstynenta jako organizacja<\/p>\n<p>pozarz\u0105dowa, spe\u0142nia wa\u017cn\u0105 role w realizacji Gminnego Programu Rozwi\u0105zywania<\/p>\n<p>Problem\u00f3w Alkoholowych i Narkomani. Wsp\u00f3\u0142pracuje ze szko\u0142ami, OPS, PCPR, Policj\u0105,<\/p>\n<p>Stra\u017c\u0105 Po\u017carn\u0105. Po prostu :<\/p>\n<h2><em><strong>\u00a0\u00a0\u00a0\u00a0\u00a0\u00a0\u00a0\u00a0\u00a0\u00a0\u00a0\u00a0\u00a0\u00a0\u00a0\u00a0\u00a0\u00a0\u00a0\u00a0\u00a0\u00a0\u00a0\u00a0\u00a0\u00a0 \u00a0\u00a0\u00a0\u00a0 S\u0142u\u017cy spo\u0142eczno\u015bci lokalnej<\/strong><\/em><\/h2>\n<p><!--nextpage--><br \/>\n<em><strong>Nasze cele<\/strong><\/em><\/p>\n<p>&#8211; Propagowanie \u017cycia w trze\u017awo\u015bci oraz abstynenckiego modelu \u017cycia<\/p>\n<p>&#8211; Udzielanie informacji i pomocy osobom, kt\u00f3re s\u0105 zainteresowane poznaniem mechanizm\u00f3w<\/p>\n<p>uzale\u017cnienia, picia ryzykownego b\u0105d\u017a szkodliwego<\/p>\n<p>&#8211; Wspieranie os\u00f3b, kt\u00f3re wybra\u0142y abstynencki model \u017cycia<\/p>\n<h3>\u00a0\u00a0\u00a0\u00a0\u00a0\u00a0\u00a0\u00a0\u00a0\u00a0\u00a0\u00a0\u00a0\u00a0\u00a0\u00a0\u00a0\u00a0\u00a0\u00a0\u00a0\u00a0\u00a0\u00a0\u00a0\u00a0\u00a0 \u00a0 \u00a0 \u00a0 <em><strong>Nasze metody pracy<\/strong><\/em><\/h3>\n<p>&#8211; Dzia\u0142alno\u015b\u0107 na rzecz integracji cz\u0142onk\u00f3w klubu w \u015brodowisku abstynenckim<\/p>\n<p>i spo\u0142eczno\u015bci lokalnej<\/p>\n<p>&#8211; Umo\u017cliwiamy kontakt z samopomocow\u0105 grup\u0105 AA, oraz grup\u0105 wsparcia<\/p>\n<p>dla os\u00f3b wsp\u00f3\u0142uzale\u017cnionych<\/p>\n<p>&#8211; Organizujemy :<\/p>\n<p>zloty trze\u017awo\u015bciowe, pielgrzymki, wycieczki, biwaki, sp\u0142ywy kajakowe,<\/p>\n<p>rajdy samochodowe, festyny rodzinne, rocznice abstynenckie<\/p>\n<p>&nbsp;<\/p>\n<p>Ide\u0105 i podstawowym za\u0142o\u017ceniem programu Stowarzyszenia, Klubu jest otwarto\u015b\u0107<\/p>\n<p>dla wszystkich os\u00f3b, kt\u00f3re maj\u0105 problemy i wykazuj\u0105 zainteresowanie jego rozwi\u0105zaniem.<\/p>\n<p>Program nasz skierowany jest do os\u00f3b zainteresowanych t\u0105 problematyk\u0105 oraz jest odpowiedzi\u0105<\/p>\n<p>na zapotrzebowanie wynikaj\u0105ce z istniej\u0105cych problem\u00f3w spo\u0142ecznych.<\/p>\n<p>&nbsp;<\/p>\n<h3><em><strong>\u00a0\u00a0\u00a0\u00a0\u00a0\u00a0\u00a0\u00a0\u00a0\u00a0\u00a0\u00a0\u00a0\u00a0\u00a0\u00a0\u00a0\u00a0\u00a0\u00a0\u00a0\u00a0\u00a0\u00a0\u00a0 Co nam daje, sztuka \u017cycia bez picia<\/strong><\/em><\/h3>\n<p>&#8211; Uczucie, \u017ce robisz co\u015b dobrego dla siebie i Twoich bliskich, \u015bwiadomo\u015b\u0107 swoich czyn\u00f3w<\/p>\n<p>&#8211; Poczucie, \u017ce zale\u017cy co\u015b od Ciebie<\/p>\n<p>&#8211; Rado\u015b\u0107, wolno\u015b\u0107, bezpiecze\u0144stwo<\/p>\n<p>&#8211; Umiej\u0119tno\u015b\u0107 podejmowania decyzji &#8211; odpowiedzialno\u015b\u0107<\/p>\n<p>&#8211; Pewno\u015b\u0107 siebie<\/p>\n<p>&nbsp;<\/p>\n<p>&nbsp;<\/p>\n<p>&nbsp;<\/p>\n<p>&nbsp;<\/p>\n","protected":false},"excerpt":{"rendered":"<p>Czym jest Stowarzyszenie, Klub Abstynenta Mo\u017cna by na to pytanie odpowiedzie\u0107 jednym zdaniem &#8211; jest to miejsce, w kt\u00f3rym nast\u0119puje proces rehabilitacji, powrotu na \u0142ono rodziny, powrotu do spo\u0142ecze\u0144stwa. Tu znajdujemy mo\u017cliwo\u015b\u0107 rozwi\u0105zania swoich problem\u00f3w poprzez prac\u0119 nad sob\u0105. Po zaprzestaniu picia alkoholu powstaje pustka, pustka kt\u00f3r\u0105 nale\u017cy wype\u0142ni\u0107, bycie z lud\u017ami maj\u0105cymi podobne problemy [&hellip;]<\/p>\n","protected":false},"author":2,"featured_media":0,"parent":0,"menu_order":0,"comment_status":"closed","ping_status":"closed","template":"","meta":{"ngg_post_thumbnail":0},"_links":{"self":[{"href":"https:\/\/krokusczluchow.pl\/index.php?rest_route=\/wp\/v2\/pages\/4394"}],"collection":[{"href":"https:\/\/krokusczluchow.pl\/index.php?rest_route=\/wp\/v2\/pages"}],"about":[{"href":"https:\/\/krokusczluchow.pl\/index.php?rest_route=\/wp\/v2\/types\/page"}],"author":[{"embeddable":true,"href":"https:\/\/krokusczluchow.pl\/index.php?rest_route=\/wp\/v2\/users\/2"}],"replies":[{"embeddable":true,"href":"https:\/\/krokusczluchow.pl\/index.php?rest_route=%2Fwp%2Fv2%2Fcomments&post=4394"}],"version-history":[{"count":18,"href":"https:\/\/krokusczluchow.pl\/index.php?rest_route=\/wp\/v2\/pages\/4394\/revisions"}],"predecessor-version":[{"id":6419,"href":"https:\/\/krokusczluchow.pl\/index.php?rest_route=\/wp\/v2\/pages\/4394\/revisions\/6419"}],"wp:attachment":[{"href":"https:\/\/krokusczluchow.pl\/index.php?rest_route=%2Fwp%2Fv2%2Fmedia&parent=4394"}],"curies":[{"name":"wp","href":"https:\/\/api.w.org\/{rel}","templated":true}]}}