{"id":5312,"date":"2017-08-13T10:20:10","date_gmt":"2017-08-13T08:20:10","guid":{"rendered":"http:\/\/krokusczluchow.pl\/?page_id=5312"},"modified":"2017-08-14T21:04:00","modified_gmt":"2017-08-14T19:04:00","slug":"mezu-moj-zono-moja","status":"publish","type":"page","link":"https:\/\/krokusczluchow.pl\/?page_id=5312","title":{"rendered":"M\u0119\u017cu M\u00f3j,\u017bono Moja"},"content":{"rendered":"<p><iframe loading=\"lazy\" src=\"https:\/\/www.youtube.com\/embed\/6RYdblaVcxI?rel=0\" width=\"640\" height=\"360\" frameborder=\"0\" allowfullscreen=\"allowfullscreen\"><\/iframe><\/p>\n<div class=\"ngg-albumoverview\">\n            <div class=\"ngg-album-compact\">\n            <div class=\"ngg-album-compactbox\">\n                <div class=\"ngg-album-link\">\n                                        <a title='Wesele'\n                       href='https:\/\/krokusczluchow.pl\/index.php\/nggallery\/wesele\/wesele?page_id=5312'>\n                        <img class=\"Thumb\"\n                             alt=\"Wesele\"\n                             src=\"https:\/\/krokusczluchow.pl\/wp-content\/gallery\/wesele\/cache\/1.jpg-nggid042099-ngg0dyn-91x68-00f0w010c011r110f110r010t010.jpg\"\/>\n                    <\/a>\n                                    <\/div>\n            <\/div>\n                        <h4>\n                <a class='ngg-album-desc' title='Wesele'\n                       href='https:\/\/krokusczluchow.pl\/index.php\/nggallery\/wesele\/wesele?page_id=5312'style=\"max-width: 111px\">Wesele<\/a>\n            <\/h4>\n            <p class=\"ngg-album-gallery-image-counter\">\n                                    <strong>123<\/strong>&nbsp;Zdj\u0119\u0107                            <\/p>\n        <\/div>\n        <br class=\"ngg-clear\"\/>\n    <div class='ngg-clear'><\/div><\/div>\n\n","protected":false},"excerpt":{"rendered":"","protected":false},"author":2,"featured_media":0,"parent":0,"menu_order":0,"comment_status":"closed","ping_status":"closed","template":"","meta":{"ngg_post_thumbnail":0},"_links":{"self":[{"href":"https:\/\/krokusczluchow.pl\/index.php?rest_route=\/wp\/v2\/pages\/5312"}],"collection":[{"href":"https:\/\/krokusczluchow.pl\/index.php?rest_route=\/wp\/v2\/pages"}],"about":[{"href":"https:\/\/krokusczluchow.pl\/index.php?rest_route=\/wp\/v2\/types\/page"}],"author":[{"embeddable":true,"href":"https:\/\/krokusczluchow.pl\/index.php?rest_route=\/wp\/v2\/users\/2"}],"replies":[{"embeddable":true,"href":"https:\/\/krokusczluchow.pl\/index.php?rest_route=%2Fwp%2Fv2%2Fcomments&post=5312"}],"version-history":[{"count":9,"href":"https:\/\/krokusczluchow.pl\/index.php?rest_route=\/wp\/v2\/pages\/5312\/revisions"}],"predecessor-version":[{"id":5576,"href":"https:\/\/krokusczluchow.pl\/index.php?rest_route=\/wp\/v2\/pages\/5312\/revisions\/5576"}],"wp:attachment":[{"href":"https:\/\/krokusczluchow.pl\/index.php?rest_route=%2Fwp%2Fv2%2Fmedia&parent=5312"}],"curies":[{"name":"wp","href":"https:\/\/api.w.org\/{rel}","templated":true}]}}